{"id":77,"date":"2021-03-16T11:06:18","date_gmt":"2021-03-16T10:06:18","guid":{"rendered":"http:\/\/schuhtechnik-schwarzer.de\/?page_id=77"},"modified":"2021-03-16T12:04:09","modified_gmt":"2021-03-16T11:04:09","slug":"3d-koerpervermessung","status":"publish","type":"page","link":"https:\/\/schuhtechnik-schwarzer.de\/?page_id=77","title":{"rendered":"3D K\u00f6rpervermessung"},"content":{"rendered":"\n<p>Bei meiner Fu\u00df-, Gang- und Haltungsanalyse, welche ich in unserem Betrieb seit Jahren sehr erfolgreich durchf\u00fchre, muss ich immer wieder feststellen, dass selbst kleinste Fu\u00df-Fehlstellungen schon zu erheblichen Ver\u00e4nderungen der K\u00f6rperstatik und somit zu \u00dcberbelastungszonen und einer entsprechenden Schonhaltung am ganzen K\u00f6rper f\u00fchren, welche dann wiederum Gang- und Haltungsver\u00e4nderungen zur Folge haben.<br>Bisher hatte man kaum M\u00f6glichkeiten, um die genaue statische Auswirkung auf den ganzen K\u00f6rper nach einer Fu\u00df- bzw. Schuhversorgung zu dokumentieren und den Behandlungsverlauf anhand von Fakten (Messdaten) zu verfolgen.<\/p>\n\n\n\n<p>Durch den neuen 3D-Ganzk\u00f6rper-Scanner, welcher \u00fcber harmlose Infrarotabtastung funktioniert \u2013 also ohne jegliche Strahlenbelastung f\u00fcr den Patienten 3D-Bilder des gesamten K\u00f6rpers erstellt \u2013 ist es nun besser m\u00f6glich, die Ursache f\u00fcr diverse Beschwerden zu ergr\u00fcnden und so eine genaue Versorgung einzuleiten.<br>Da sich mit dieser neuen Technik schon Differenzen\/Fehlhaltungen ab 1mm feststellen lassen bietet es au\u00dferdem eine perfekte Dokumentation f\u00fcr den Patienten \u00fcber den \u201eSINN oder UNSINN\u201c der erbrachten Versorgung.<br>Selbst f\u00fcr \u00c4rzte, Krankengymnasten oder Optiker kann diese Untersuchungstechnik einen wichtigen Ausgangspunkt zur weiteren Versorgung\/Behandlung darstellen. Gerne informieren wir auch diese Berufsgruppen in einem pers\u00f6nlichen Gespr\u00e4ch anhand von Versorgungsbeispielen \u00fcber den Einsatzbereich dieser neuen 3D-Technik.<br>Nat\u00fcrlich handelt es sich auch bei dieser Technik um kein Wundermittel, sondern lediglich um modernste Technik, welche verl\u00e4ssliche Messergebnisse und Fakten erzeugt. Nichts desto trotz m\u00fcssen die Ergebnisse von einem erfahrenen Orthop\u00e4die-Schuhtechniker interpretiert und Versorgungen abgeleitet werden.<\/p>\n\n\n\n<div class=\"wp-block-image\"><figure class=\"aligncenter size-large\"><img loading=\"lazy\" decoding=\"async\" width=\"540\" height=\"405\" src=\"http:\/\/schuhtechnik-schwarzer.de\/wp-content\/uploads\/2021\/03\/ashampoo_snap_2013_002.jpg\" alt=\"\" class=\"wp-image-24\" srcset=\"https:\/\/schuhtechnik-schwarzer.de\/wp-content\/uploads\/2021\/03\/ashampoo_snap_2013_002.jpg 540w, https:\/\/schuhtechnik-schwarzer.de\/wp-content\/uploads\/2021\/03\/ashampoo_snap_2013_002-300x225.jpg 300w\" sizes=\"auto, (max-width: 540px) 100vw, 540px\" \/><\/figure><\/div>\n\n\n\n<div class=\"wp-block-image\"><figure class=\"aligncenter size-large\"><img loading=\"lazy\" decoding=\"async\" width=\"540\" height=\"404\" src=\"http:\/\/schuhtechnik-schwarzer.de\/wp-content\/uploads\/2021\/03\/ashampoo_snap_2013.jpg\" alt=\"\" class=\"wp-image-25\" srcset=\"https:\/\/schuhtechnik-schwarzer.de\/wp-content\/uploads\/2021\/03\/ashampoo_snap_2013.jpg 540w, https:\/\/schuhtechnik-schwarzer.de\/wp-content\/uploads\/2021\/03\/ashampoo_snap_2013-300x224.jpg 300w\" sizes=\"auto, (max-width: 540px) 100vw, 540px\" \/><\/figure><\/div>\n","protected":false},"excerpt":{"rendered":"<p>Bei meiner Fu\u00df-, Gang- und Haltungsanalyse, welche ich in unserem Betrieb seit Jahren sehr erfolgreich durchf\u00fchre, muss ich immer wieder &hellip; <\/p>\n","protected":false},"author":1,"featured_media":0,"parent":0,"menu_order":0,"comment_status":"closed","ping_status":"closed","template":"","meta":{"footnotes":""},"class_list":["post-77","page","type-page","status-publish","hentry"],"_links":{"self":[{"href":"https:\/\/schuhtechnik-schwarzer.de\/index.php?rest_route=\/wp\/v2\/pages\/77","targetHints":{"allow":["GET"]}}],"collection":[{"href":"https:\/\/schuhtechnik-schwarzer.de\/index.php?rest_route=\/wp\/v2\/pages"}],"about":[{"href":"https:\/\/schuhtechnik-schwarzer.de\/index.php?rest_route=\/wp\/v2\/types\/page"}],"author":[{"embeddable":true,"href":"https:\/\/schuhtechnik-schwarzer.de\/index.php?rest_route=\/wp\/v2\/users\/1"}],"replies":[{"embeddable":true,"href":"https:\/\/schuhtechnik-schwarzer.de\/index.php?rest_route=%2Fwp%2Fv2%2Fcomments&post=77"}],"version-history":[{"count":1,"href":"https:\/\/schuhtechnik-schwarzer.de\/index.php?rest_route=\/wp\/v2\/pages\/77\/revisions"}],"predecessor-version":[{"id":78,"href":"https:\/\/schuhtechnik-schwarzer.de\/index.php?rest_route=\/wp\/v2\/pages\/77\/revisions\/78"}],"wp:attachment":[{"href":"https:\/\/schuhtechnik-schwarzer.de\/index.php?rest_route=%2Fwp%2Fv2%2Fmedia&parent=77"}],"curies":[{"name":"wp","href":"https:\/\/api.w.org\/{rel}","templated":true}]}}