{"id":405,"date":"2021-03-24T14:27:48","date_gmt":"2021-03-24T13:27:48","guid":{"rendered":"https:\/\/schuhtechnik-schwarzer.de\/?page_id=405"},"modified":"2021-03-28T10:20:39","modified_gmt":"2021-03-28T09:20:39","slug":"orthopaedie-schuh-und-technik-schwarzer","status":"publish","type":"page","link":"https:\/\/schuhtechnik-schwarzer.de\/","title":{"rendered":"Orthop\u00e4die, Schuh und Technik Schwarzer"},"content":{"rendered":"\n<p style=\"font-size:18px\"><strong>Herzlich willkommen, bei uns sind Sie genau richtig &#8211; <\/strong><br><strong>denn &#8222;wir wissen, wo Sie der Schuh dr\u00fcckt&#8220;<\/strong><\/p>\n\n\n<table style=\"height: 316px; width: 0%; border-style: hidden; border-color: #ffffff; background-color: #ffffff;\" cellspacing=\"1\" cellpadding=\"3\">\n<tbody>\n<tr style=\"height: 316px;\">\n<td style=\"width: 79.04761904761904%; height: 316px; border-style: hidden;\" width=\"50%\" height=\"22px\">\n<p><strong data-rich-text-format-boundary=\"true\">ACHTUNG \/ WARNUNG:<\/strong><\/p>\n<p>Wundermittel und Fertigartikel werden Sie bei uns vergeblich suchen, aber daf\u00fcr\u00a0<br data-rich-text-line-break=\"true\" \/>&#8211; umfangreiche und individuelle Beratung<br data-rich-text-line-break=\"true\" \/>&#8211; perfekten Service<br data-rich-text-line-break=\"true\" \/>&#8211; dem Verwendungszweck angepa\u00dfte L\u00f6sungen<br data-rich-text-line-break=\"true\" \/>&#8211; kostenlose Kontrolle der Hilfsmittel<br data-rich-text-line-break=\"true\" \/>&#8211; Versorgungen mit Erfolgsgarantie durch l\u00fcckenlose Dokumentation \u00fcber den Behandlungserfolg mit modernster Technik zur Behebung Ihrer Fu\u00dfprobleme.<\/p>\n<\/td>\n<td style=\"width: 20.952380952380956%; height: 316px; border-style: hidden;\" width=\"50%\" height=\"22px\"><img loading=\"lazy\" decoding=\"async\" class=\"alignnone size-full wp-image-443\" src=\"http:\/\/schuhtechnik-schwarzer.de\/wp-content\/uploads\/2021\/03\/martin_v01_160-1.jpg\" alt=\"\" width=\"160\" height=\"196\" \/><\/td>\n<\/tr>\n<\/tbody>\n<\/table>\n\n\n<p>Wir fertigen Ihre Hilfsmittel und Einlagen nicht nur nach bunten Bildern oder Ihrer Schuhgr\u00f6\u00dfe, sondern nach Ihrem pers\u00f6nlichen Verwendungszweck f\u00fcr Schule, Beruf, Freizeit und Sport. Und das alles basierend auf hochmodernen Techniken wie z.B. digitalem Fu\u00dfabdruck mit genauer Druckbestimmung und 3D-K\u00f6rpervermessungen.<\/p>\n\n\n\n<p>Wir bieten Ihnen eine umfangreiche Fu\u00df &#8211; Gang &#8211; Haltungsanalyse mit 3D-K\u00f6rpervermessung zur Behebung Ihrer Beschwerden an Fu\u00df, Knie, H\u00fcfte und R\u00fccken.<\/p>\n\n\n\n<figure class=\"wp-block-gallery columns-3 is-cropped wp-block-gallery-2 is-layout-flex wp-block-gallery-is-layout-flex\"><ul class=\"blocks-gallery-grid\"><li class=\"blocks-gallery-item\"><figure><img loading=\"lazy\" decoding=\"async\" width=\"133\" height=\"100\" src=\"https:\/\/schuhtechnik-schwarzer.de\/wp-content\/uploads\/2021\/03\/sml558862a26b1280ec91.jpg\" alt=\"\" data-id=\"407\" data-link=\"https:\/\/schuhtechnik-schwarzer.de\/?attachment_id=407\" class=\"wp-image-407\"\/><\/figure><\/li><li class=\"blocks-gallery-item\"><figure><img loading=\"lazy\" decoding=\"async\" width=\"268\" height=\"201\" src=\"https:\/\/schuhtechnik-schwarzer.de\/wp-content\/uploads\/2021\/03\/sml558862a26b1280ec92.jpg\" alt=\"\" data-id=\"408\" data-full-url=\"https:\/\/schuhtechnik-schwarzer.de\/wp-content\/uploads\/2021\/03\/sml558862a26b1280ec92.jpg\" data-link=\"https:\/\/schuhtechnik-schwarzer.de\/?attachment_id=408\" class=\"wp-image-408\"\/><\/figure><\/li><li class=\"blocks-gallery-item\"><figure><img loading=\"lazy\" decoding=\"async\" width=\"134\" height=\"100\" src=\"https:\/\/schuhtechnik-schwarzer.de\/wp-content\/uploads\/2021\/03\/sml558862a26b1280ec93.jpg\" alt=\"\" data-id=\"409\" data-link=\"https:\/\/schuhtechnik-schwarzer.de\/?attachment_id=409\" class=\"wp-image-409\"\/><\/figure><\/li><li class=\"blocks-gallery-item\"><figure><img loading=\"lazy\" decoding=\"async\" width=\"269\" height=\"201\" src=\"https:\/\/schuhtechnik-schwarzer.de\/wp-content\/uploads\/2021\/03\/sml558862a26b1280ec94.jpg\" alt=\"\" data-id=\"410\" data-full-url=\"https:\/\/schuhtechnik-schwarzer.de\/wp-content\/uploads\/2021\/03\/sml558862a26b1280ec94.jpg\" data-link=\"https:\/\/schuhtechnik-schwarzer.de\/?attachment_id=410\" class=\"wp-image-410\"\/><\/figure><\/li><li class=\"blocks-gallery-item\"><figure><img loading=\"lazy\" decoding=\"async\" width=\"134\" height=\"100\" src=\"https:\/\/schuhtechnik-schwarzer.de\/wp-content\/uploads\/2021\/03\/sml558862a26b1280ec95.jpg\" alt=\"\" data-id=\"411\" data-link=\"https:\/\/schuhtechnik-schwarzer.de\/?attachment_id=411\" class=\"wp-image-411\"\/><\/figure><\/li><li class=\"blocks-gallery-item\"><figure><img loading=\"lazy\" decoding=\"async\" width=\"134\" height=\"100\" src=\"https:\/\/schuhtechnik-schwarzer.de\/wp-content\/uploads\/2021\/03\/sml558862a26b1280ec96.jpg\" alt=\"\" data-id=\"412\" data-link=\"https:\/\/schuhtechnik-schwarzer.de\/?attachment_id=412\" class=\"wp-image-412\"\/><\/figure><\/li><\/ul><\/figure>\n\n\n\n<p>Wir suchen die Ursache f\u00fcr ihre Beschwerden z.B. bei<br>&#8211; Muskelverspannungen<br>&#8211; R\u00fcckenbeschwerden<br>&#8211; Gelenkbeschwerden<br>&#8211; oder Kopfschmerzen.<br><br>Z\u00f6gern Sie nicht lange und schauen Sie einfach mal unverbindlich bei uns vorbei.&nbsp;<br><br>Sie werden es nicht bereuen, daf\u00fcr b\u00fcrge ich mit meinem guten Namen und meiner 38-j\u00e4hrigen Berufserfahrung als Orth.-Schuhtechniker.<br>Wir freuen uns auf Ihren Besuch!<br><strong><em><br>Ihr Martin Schwarzer&nbsp;<\/em><\/strong><\/p>\n","protected":false},"excerpt":{"rendered":"<p>Herzlich willkommen, bei uns sind Sie genau richtig &#8211; denn &#8222;wir wissen, wo Sie der Schuh dr\u00fcckt&#8220; ACHTUNG \/ WARNUNG: &hellip; <\/p>\n","protected":false},"author":2,"featured_media":0,"parent":0,"menu_order":0,"comment_status":"closed","ping_status":"closed","template":"","meta":{"footnotes":""},"class_list":["post-405","page","type-page","status-publish","hentry"],"_links":{"self":[{"href":"https:\/\/schuhtechnik-schwarzer.de\/index.php?rest_route=\/wp\/v2\/pages\/405","targetHints":{"allow":["GET"]}}],"collection":[{"href":"https:\/\/schuhtechnik-schwarzer.de\/index.php?rest_route=\/wp\/v2\/pages"}],"about":[{"href":"https:\/\/schuhtechnik-schwarzer.de\/index.php?rest_route=\/wp\/v2\/types\/page"}],"author":[{"embeddable":true,"href":"https:\/\/schuhtechnik-schwarzer.de\/index.php?rest_route=\/wp\/v2\/users\/2"}],"replies":[{"embeddable":true,"href":"https:\/\/schuhtechnik-schwarzer.de\/index.php?rest_route=%2Fwp%2Fv2%2Fcomments&post=405"}],"version-history":[{"count":5,"href":"https:\/\/schuhtechnik-schwarzer.de\/index.php?rest_route=\/wp\/v2\/pages\/405\/revisions"}],"predecessor-version":[{"id":483,"href":"https:\/\/schuhtechnik-schwarzer.de\/index.php?rest_route=\/wp\/v2\/pages\/405\/revisions\/483"}],"wp:attachment":[{"href":"https:\/\/schuhtechnik-schwarzer.de\/index.php?rest_route=%2Fwp%2Fv2%2Fmedia&parent=405"}],"curies":[{"name":"wp","href":"https:\/\/api.w.org\/{rel}","templated":true}]}}