{"id":377,"date":"2021-03-19T13:49:05","date_gmt":"2021-03-19T12:49:05","guid":{"rendered":"https:\/\/schuhtechnik-schwarzer.de\/?page_id=377"},"modified":"2021-03-19T13:49:05","modified_gmt":"2021-03-19T12:49:05","slug":"gruselkabinett","status":"publish","type":"page","link":"https:\/\/schuhtechnik-schwarzer.de\/?page_id=377","title":{"rendered":"Gruselkabinett"},"content":{"rendered":"\n<p>In dieser Rubrik m\u00f6chten wir ihnen ein paar Bilder \u00fcber v\u00f6llig sinnlose Versorgungen mit Fertigeinlagen bzw. Schuhzurichtungen zeigen, welche f\u00fcr mich keinerlei Anzeigen einer Ma\u00dfanfertigung zeigen, sondern anscheinend lediglich nach der Schuhgr\u00f6\u00dfe an Pat. abgegeben wurden.\u00a0<br>Aber machen sie sich einfach selbst ein Bild \u00fcber diese Art von Versorgungen.<\/p>\n\n\n\n<figure class=\"wp-block-gallery columns-2 is-cropped wp-block-gallery-2 is-layout-flex wp-block-gallery-is-layout-flex\"><ul class=\"blocks-gallery-grid\"><li class=\"blocks-gallery-item\"><figure><img loading=\"lazy\" decoding=\"async\" width=\"540\" height=\"405\" src=\"https:\/\/schuhtechnik-schwarzer.de\/wp-content\/uploads\/2021\/03\/2011-03-10-15.jpg\" alt=\"\" data-id=\"378\" data-full-url=\"https:\/\/schuhtechnik-schwarzer.de\/wp-content\/uploads\/2021\/03\/2011-03-10-15.jpg\" data-link=\"https:\/\/schuhtechnik-schwarzer.de\/?attachment_id=378\" class=\"wp-image-378\" srcset=\"https:\/\/schuhtechnik-schwarzer.de\/wp-content\/uploads\/2021\/03\/2011-03-10-15.jpg 540w, https:\/\/schuhtechnik-schwarzer.de\/wp-content\/uploads\/2021\/03\/2011-03-10-15-300x225.jpg 300w\" sizes=\"auto, (max-width: 540px) 100vw, 540px\" \/><\/figure><\/li><li class=\"blocks-gallery-item\"><figure><img loading=\"lazy\" decoding=\"async\" width=\"540\" height=\"325\" src=\"https:\/\/schuhtechnik-schwarzer.de\/wp-content\/uploads\/2021\/03\/ashampoo_snap_2013-11.jpg\" alt=\"\" data-id=\"379\" data-full-url=\"https:\/\/schuhtechnik-schwarzer.de\/wp-content\/uploads\/2021\/03\/ashampoo_snap_2013-11.jpg\" data-link=\"https:\/\/schuhtechnik-schwarzer.de\/?attachment_id=379\" class=\"wp-image-379\" srcset=\"https:\/\/schuhtechnik-schwarzer.de\/wp-content\/uploads\/2021\/03\/ashampoo_snap_2013-11.jpg 540w, https:\/\/schuhtechnik-schwarzer.de\/wp-content\/uploads\/2021\/03\/ashampoo_snap_2013-11-300x181.jpg 300w\" sizes=\"auto, (max-width: 540px) 100vw, 540px\" \/><\/figure><\/li><li class=\"blocks-gallery-item\"><figure><img loading=\"lazy\" decoding=\"async\" width=\"540\" height=\"405\" src=\"https:\/\/schuhtechnik-schwarzer.de\/wp-content\/uploads\/2021\/03\/dsc04810_540.jpg\" alt=\"\" data-id=\"380\" data-full-url=\"https:\/\/schuhtechnik-schwarzer.de\/wp-content\/uploads\/2021\/03\/dsc04810_540.jpg\" data-link=\"https:\/\/schuhtechnik-schwarzer.de\/?attachment_id=380\" class=\"wp-image-380\" srcset=\"https:\/\/schuhtechnik-schwarzer.de\/wp-content\/uploads\/2021\/03\/dsc04810_540.jpg 540w, https:\/\/schuhtechnik-schwarzer.de\/wp-content\/uploads\/2021\/03\/dsc04810_540-300x225.jpg 300w\" sizes=\"auto, (max-width: 540px) 100vw, 540px\" \/><\/figure><\/li><li class=\"blocks-gallery-item\"><figure><img loading=\"lazy\" decoding=\"async\" width=\"540\" height=\"405\" src=\"https:\/\/schuhtechnik-schwarzer.de\/wp-content\/uploads\/2021\/03\/dsc04875_540.jpg\" alt=\"\" data-id=\"381\" data-full-url=\"https:\/\/schuhtechnik-schwarzer.de\/wp-content\/uploads\/2021\/03\/dsc04875_540.jpg\" data-link=\"https:\/\/schuhtechnik-schwarzer.de\/?attachment_id=381\" class=\"wp-image-381\" srcset=\"https:\/\/schuhtechnik-schwarzer.de\/wp-content\/uploads\/2021\/03\/dsc04875_540.jpg 540w, https:\/\/schuhtechnik-schwarzer.de\/wp-content\/uploads\/2021\/03\/dsc04875_540-300x225.jpg 300w\" sizes=\"auto, (max-width: 540px) 100vw, 540px\" \/><\/figure><\/li><li class=\"blocks-gallery-item\"><figure><img loading=\"lazy\" decoding=\"async\" width=\"540\" height=\"405\" src=\"https:\/\/schuhtechnik-schwarzer.de\/wp-content\/uploads\/2021\/03\/dsc05202_540.jpg\" alt=\"\" data-id=\"382\" data-full-url=\"https:\/\/schuhtechnik-schwarzer.de\/wp-content\/uploads\/2021\/03\/dsc05202_540.jpg\" data-link=\"https:\/\/schuhtechnik-schwarzer.de\/?attachment_id=382\" class=\"wp-image-382\" srcset=\"https:\/\/schuhtechnik-schwarzer.de\/wp-content\/uploads\/2021\/03\/dsc05202_540.jpg 540w, https:\/\/schuhtechnik-schwarzer.de\/wp-content\/uploads\/2021\/03\/dsc05202_540-300x225.jpg 300w\" sizes=\"auto, (max-width: 540px) 100vw, 540px\" \/><\/figure><\/li><li class=\"blocks-gallery-item\"><figure><img loading=\"lazy\" decoding=\"async\" width=\"540\" height=\"413\" src=\"https:\/\/schuhtechnik-schwarzer.de\/wp-content\/uploads\/2021\/03\/dsc05865_540.jpg\" alt=\"\" data-id=\"383\" data-full-url=\"https:\/\/schuhtechnik-schwarzer.de\/wp-content\/uploads\/2021\/03\/dsc05865_540.jpg\" data-link=\"https:\/\/schuhtechnik-schwarzer.de\/?attachment_id=383\" class=\"wp-image-383\" srcset=\"https:\/\/schuhtechnik-schwarzer.de\/wp-content\/uploads\/2021\/03\/dsc05865_540.jpg 540w, https:\/\/schuhtechnik-schwarzer.de\/wp-content\/uploads\/2021\/03\/dsc05865_540-300x229.jpg 300w\" sizes=\"auto, (max-width: 540px) 100vw, 540px\" \/><\/figure><\/li><li class=\"blocks-gallery-item\"><figure><img loading=\"lazy\" decoding=\"async\" width=\"540\" height=\"405\" src=\"https:\/\/schuhtechnik-schwarzer.de\/wp-content\/uploads\/2021\/03\/dsc09465_540.jpg\" alt=\"\" data-id=\"384\" data-full-url=\"https:\/\/schuhtechnik-schwarzer.de\/wp-content\/uploads\/2021\/03\/dsc09465_540.jpg\" data-link=\"https:\/\/schuhtechnik-schwarzer.de\/?attachment_id=384\" class=\"wp-image-384\" srcset=\"https:\/\/schuhtechnik-schwarzer.de\/wp-content\/uploads\/2021\/03\/dsc09465_540.jpg 540w, https:\/\/schuhtechnik-schwarzer.de\/wp-content\/uploads\/2021\/03\/dsc09465_540-300x225.jpg 300w\" sizes=\"auto, (max-width: 540px) 100vw, 540px\" \/><\/figure><\/li><li class=\"blocks-gallery-item\"><figure><img loading=\"lazy\" decoding=\"async\" width=\"540\" height=\"360\" src=\"https:\/\/schuhtechnik-schwarzer.de\/wp-content\/uploads\/2021\/03\/img_3124_540.jpg\" alt=\"\" data-id=\"385\" data-full-url=\"https:\/\/schuhtechnik-schwarzer.de\/wp-content\/uploads\/2021\/03\/img_3124_540.jpg\" data-link=\"https:\/\/schuhtechnik-schwarzer.de\/?attachment_id=385\" class=\"wp-image-385\" srcset=\"https:\/\/schuhtechnik-schwarzer.de\/wp-content\/uploads\/2021\/03\/img_3124_540.jpg 540w, https:\/\/schuhtechnik-schwarzer.de\/wp-content\/uploads\/2021\/03\/img_3124_540-300x200.jpg 300w\" sizes=\"auto, (max-width: 540px) 100vw, 540px\" \/><\/figure><\/li><li class=\"blocks-gallery-item\"><figure><img loading=\"lazy\" decoding=\"async\" width=\"540\" height=\"360\" src=\"https:\/\/schuhtechnik-schwarzer.de\/wp-content\/uploads\/2021\/03\/img_3751_540.jpg\" alt=\"\" data-id=\"386\" data-full-url=\"https:\/\/schuhtechnik-schwarzer.de\/wp-content\/uploads\/2021\/03\/img_3751_540.jpg\" data-link=\"https:\/\/schuhtechnik-schwarzer.de\/?attachment_id=386\" class=\"wp-image-386\" srcset=\"https:\/\/schuhtechnik-schwarzer.de\/wp-content\/uploads\/2021\/03\/img_3751_540.jpg 540w, https:\/\/schuhtechnik-schwarzer.de\/wp-content\/uploads\/2021\/03\/img_3751_540-300x200.jpg 300w\" sizes=\"auto, (max-width: 540px) 100vw, 540px\" \/><\/figure><\/li><li class=\"blocks-gallery-item\"><figure><img loading=\"lazy\" decoding=\"async\" width=\"540\" height=\"360\" src=\"https:\/\/schuhtechnik-schwarzer.de\/wp-content\/uploads\/2021\/03\/img_3753_540.jpg\" alt=\"\" data-id=\"387\" data-full-url=\"https:\/\/schuhtechnik-schwarzer.de\/wp-content\/uploads\/2021\/03\/img_3753_540.jpg\" data-link=\"https:\/\/schuhtechnik-schwarzer.de\/?attachment_id=387\" class=\"wp-image-387\" srcset=\"https:\/\/schuhtechnik-schwarzer.de\/wp-content\/uploads\/2021\/03\/img_3753_540.jpg 540w, https:\/\/schuhtechnik-schwarzer.de\/wp-content\/uploads\/2021\/03\/img_3753_540-300x200.jpg 300w\" sizes=\"auto, (max-width: 540px) 100vw, 540px\" \/><\/figure><\/li><\/ul><\/figure>\n","protected":false},"excerpt":{"rendered":"<p>In dieser Rubrik m\u00f6chten wir ihnen ein paar Bilder \u00fcber v\u00f6llig sinnlose Versorgungen mit Fertigeinlagen bzw. Schuhzurichtungen zeigen, welche f\u00fcr &hellip; <\/p>\n","protected":false},"author":1,"featured_media":0,"parent":0,"menu_order":0,"comment_status":"closed","ping_status":"closed","template":"","meta":{"footnotes":""},"class_list":["post-377","page","type-page","status-publish","hentry"],"_links":{"self":[{"href":"https:\/\/schuhtechnik-schwarzer.de\/index.php?rest_route=\/wp\/v2\/pages\/377","targetHints":{"allow":["GET"]}}],"collection":[{"href":"https:\/\/schuhtechnik-schwarzer.de\/index.php?rest_route=\/wp\/v2\/pages"}],"about":[{"href":"https:\/\/schuhtechnik-schwarzer.de\/index.php?rest_route=\/wp\/v2\/types\/page"}],"author":[{"embeddable":true,"href":"https:\/\/schuhtechnik-schwarzer.de\/index.php?rest_route=\/wp\/v2\/users\/1"}],"replies":[{"embeddable":true,"href":"https:\/\/schuhtechnik-schwarzer.de\/index.php?rest_route=%2Fwp%2Fv2%2Fcomments&post=377"}],"version-history":[{"count":1,"href":"https:\/\/schuhtechnik-schwarzer.de\/index.php?rest_route=\/wp\/v2\/pages\/377\/revisions"}],"predecessor-version":[{"id":388,"href":"https:\/\/schuhtechnik-schwarzer.de\/index.php?rest_route=\/wp\/v2\/pages\/377\/revisions\/388"}],"wp:attachment":[{"href":"https:\/\/schuhtechnik-schwarzer.de\/index.php?rest_route=%2Fwp%2Fv2%2Fmedia&parent=377"}],"curies":[{"name":"wp","href":"https:\/\/api.w.org\/{rel}","templated":true}]}}