{"id":351,"date":"2021-03-19T13:41:20","date_gmt":"2021-03-19T12:41:20","guid":{"rendered":"https:\/\/schuhtechnik-schwarzer.de\/?page_id=351"},"modified":"2021-03-19T13:41:21","modified_gmt":"2021-03-19T12:41:21","slug":"flip-flops-nach-mass","status":"publish","type":"page","link":"https:\/\/schuhtechnik-schwarzer.de\/?page_id=351","title":{"rendered":"Flip-Flops nach Ma\u00df"},"content":{"rendered":"\n<p>Auf dieser Seite sehen Sie einige Impressionen von unseren individuellen Flip-Flops. Wir fertigen die Flip-Flops exakt f\u00fcr Ihre F\u00fc\u00dfe und nach Ihren Farbvorstellungen. Sprechen Sie uns einfach darauf an!<\/p>\n\n\n\n<figure class=\"wp-block-gallery columns-2 is-cropped wp-block-gallery-2 is-layout-flex wp-block-gallery-is-layout-flex\"><ul class=\"blocks-gallery-grid\"><li class=\"blocks-gallery-item\"><figure><img loading=\"lazy\" decoding=\"async\" width=\"540\" height=\"403\" src=\"https:\/\/schuhtechnik-schwarzer.de\/wp-content\/uploads\/2021\/03\/ashampoo_snap_2013_002-6.jpg\" alt=\"\" data-id=\"352\" data-full-url=\"https:\/\/schuhtechnik-schwarzer.de\/wp-content\/uploads\/2021\/03\/ashampoo_snap_2013_002-6.jpg\" data-link=\"https:\/\/schuhtechnik-schwarzer.de\/?attachment_id=352\" class=\"wp-image-352\" srcset=\"https:\/\/schuhtechnik-schwarzer.de\/wp-content\/uploads\/2021\/03\/ashampoo_snap_2013_002-6.jpg 540w, https:\/\/schuhtechnik-schwarzer.de\/wp-content\/uploads\/2021\/03\/ashampoo_snap_2013_002-6-300x224.jpg 300w\" sizes=\"auto, (max-width: 540px) 100vw, 540px\" \/><\/figure><\/li><li class=\"blocks-gallery-item\"><figure><img loading=\"lazy\" decoding=\"async\" width=\"540\" height=\"404\" src=\"https:\/\/schuhtechnik-schwarzer.de\/wp-content\/uploads\/2021\/03\/ashampoo_snap_2013-7.jpg\" alt=\"\" data-id=\"353\" data-full-url=\"https:\/\/schuhtechnik-schwarzer.de\/wp-content\/uploads\/2021\/03\/ashampoo_snap_2013-7.jpg\" data-link=\"https:\/\/schuhtechnik-schwarzer.de\/?attachment_id=353\" class=\"wp-image-353\" srcset=\"https:\/\/schuhtechnik-schwarzer.de\/wp-content\/uploads\/2021\/03\/ashampoo_snap_2013-7.jpg 540w, https:\/\/schuhtechnik-schwarzer.de\/wp-content\/uploads\/2021\/03\/ashampoo_snap_2013-7-300x224.jpg 300w\" sizes=\"auto, (max-width: 540px) 100vw, 540px\" \/><\/figure><\/li><\/ul><\/figure>\n","protected":false},"excerpt":{"rendered":"<p>Auf dieser Seite sehen Sie einige Impressionen von unseren individuellen Flip-Flops. Wir fertigen die Flip-Flops exakt f\u00fcr Ihre F\u00fc\u00dfe und &hellip; <\/p>\n","protected":false},"author":1,"featured_media":0,"parent":0,"menu_order":0,"comment_status":"closed","ping_status":"closed","template":"","meta":{"footnotes":""},"class_list":["post-351","page","type-page","status-publish","hentry"],"_links":{"self":[{"href":"https:\/\/schuhtechnik-schwarzer.de\/index.php?rest_route=\/wp\/v2\/pages\/351","targetHints":{"allow":["GET"]}}],"collection":[{"href":"https:\/\/schuhtechnik-schwarzer.de\/index.php?rest_route=\/wp\/v2\/pages"}],"about":[{"href":"https:\/\/schuhtechnik-schwarzer.de\/index.php?rest_route=\/wp\/v2\/types\/page"}],"author":[{"embeddable":true,"href":"https:\/\/schuhtechnik-schwarzer.de\/index.php?rest_route=\/wp\/v2\/users\/1"}],"replies":[{"embeddable":true,"href":"https:\/\/schuhtechnik-schwarzer.de\/index.php?rest_route=%2Fwp%2Fv2%2Fcomments&post=351"}],"version-history":[{"count":1,"href":"https:\/\/schuhtechnik-schwarzer.de\/index.php?rest_route=\/wp\/v2\/pages\/351\/revisions"}],"predecessor-version":[{"id":354,"href":"https:\/\/schuhtechnik-schwarzer.de\/index.php?rest_route=\/wp\/v2\/pages\/351\/revisions\/354"}],"wp:attachment":[{"href":"https:\/\/schuhtechnik-schwarzer.de\/index.php?rest_route=%2Fwp%2Fv2%2Fmedia&parent=351"}],"curies":[{"name":"wp","href":"https:\/\/api.w.org\/{rel}","templated":true}]}}