{"id":342,"date":"2021-03-19T13:38:10","date_gmt":"2021-03-19T12:38:10","guid":{"rendered":"https:\/\/schuhtechnik-schwarzer.de\/?page_id=342"},"modified":"2021-03-24T05:14:15","modified_gmt":"2021-03-24T04:14:15","slug":"versorgungsverlauf","status":"publish","type":"page","link":"https:\/\/schuhtechnik-schwarzer.de\/?page_id=342","title":{"rendered":"Versorgungsverlauf"},"content":{"rendered":"\n<p>Den genauen Ablauf der Versorgung eines Patienten k\u00f6nnen wir nicht darstellen, denn jeder Patient ist einzigartig. Daher versorgen wir jeden unserer Kunden individuell und genau auf seine Bed\u00fcrfnisse zugeschnitten. Einheitsware kommt bei uns nicht in Frage!<\/p>\n\n\n\n<p>Zentraler Punkt ist die genaue Analyse der Beschwerden unserer Patienten. Nur der Patient selber kann uns genaue Informationen dar\u00fcber geben, welche Beschwerden in welchen F\u00e4llen (Arbeit, Sport, Freizeit, etc.) auftreten.&nbsp;<br>Schon kleine Anzeichen, wie etwa Hornhautbildung oder Druckstellen am Fu\u00df k\u00f6nnen ein Indiz daf\u00fcr sein, dass eine Fehlstellung des Fu\u00dfes vorliegt. Reagieren Sie nicht schnell genug, k\u00f6nnen aus diesen Kleinigkeiten schnell Beschwerden am gesamten K\u00f6rper resultieren. Nicht selten sehen wir Fehlhaltungen des gesamten K\u00f6rpers, die zu \u00dcberbelastungszonen an Knie-, R\u00fccken- H\u00fcft- und Schulterbereich f\u00fchren.<\/p>\n\n\n\n<p>Je fr\u00fcher wir unsere Versorgung starten k\u00f6nnen, umso schneller sind Sie wieder beschwerdefrei. Nach dem indivduellen Gespr\u00e4ch mit Ihnen starten wir je nach Bedarf die genaue Analyse Ihres K\u00f6rpers. Dazu stehen uns hochmoderne Techniken, wie die\u00a0<a href=\"https:\/\/schuhtechnik-schwarzer.de\/?page_id=77\">3D-Ganzk\u00f6rpervermessung<\/a>, die Erstellung eines\u00a0<a href=\"https:\/\/schuhtechnik-schwarzer.de\/?page_id=210\">3D-Fu\u00dfabdruckes<\/a>\u00a0und die\u00a0<a href=\"https:\/\/schuhtechnik-schwarzer.de\/?page_id=161\">videobasierte Ganganalyse<\/a>\u00a0zur Verf\u00fcgung.<\/p>\n\n\n\n<p>Basierend auf den Ergebnissen dieser Untersuchungen entwickeln wir eine auf Sie zugeschnittene L\u00f6sung. Aufgrund meiner \u00fcber 38 Jahren Berufserfahrung als Orth.-Schuhtechniker garantiere ich Ihnen den Erfolg Ihrer Versorgung nach Ma\u00df!<\/p>\n\n\n\n<figure class=\"wp-block-gallery aligncenter columns-1 wp-block-gallery-2 is-layout-flex wp-block-gallery-is-layout-flex\"><ul class=\"blocks-gallery-grid\"><li class=\"blocks-gallery-item\"><figure><img loading=\"lazy\" decoding=\"async\" width=\"540\" height=\"494\" src=\"https:\/\/schuhtechnik-schwarzer.de\/wp-content\/uploads\/2021\/03\/im558862a26c096ff00.jpg\" alt=\"\" data-id=\"347\" data-full-url=\"https:\/\/schuhtechnik-schwarzer.de\/wp-content\/uploads\/2021\/03\/im558862a26c096ff00.jpg\" data-link=\"https:\/\/schuhtechnik-schwarzer.de\/?attachment_id=347\" class=\"wp-image-347\" srcset=\"https:\/\/schuhtechnik-schwarzer.de\/wp-content\/uploads\/2021\/03\/im558862a26c096ff00.jpg 540w, https:\/\/schuhtechnik-schwarzer.de\/wp-content\/uploads\/2021\/03\/im558862a26c096ff00-300x274.jpg 300w\" sizes=\"auto, (max-width: 540px) 100vw, 540px\" \/><\/figure><\/li><li class=\"blocks-gallery-item\"><figure><img loading=\"lazy\" decoding=\"async\" width=\"540\" height=\"404\" src=\"https:\/\/schuhtechnik-schwarzer.de\/wp-content\/uploads\/2021\/03\/ashampoo_snap_2013_002-5.jpg\" alt=\"\" data-id=\"343\" data-full-url=\"https:\/\/schuhtechnik-schwarzer.de\/wp-content\/uploads\/2021\/03\/ashampoo_snap_2013_002-5.jpg\" data-link=\"https:\/\/schuhtechnik-schwarzer.de\/?attachment_id=343\" class=\"wp-image-343\" srcset=\"https:\/\/schuhtechnik-schwarzer.de\/wp-content\/uploads\/2021\/03\/ashampoo_snap_2013_002-5.jpg 540w, https:\/\/schuhtechnik-schwarzer.de\/wp-content\/uploads\/2021\/03\/ashampoo_snap_2013_002-5-300x224.jpg 300w\" sizes=\"auto, (max-width: 540px) 100vw, 540px\" \/><\/figure><\/li><li class=\"blocks-gallery-item\"><figure><img loading=\"lazy\" decoding=\"async\" width=\"540\" height=\"402\" src=\"https:\/\/schuhtechnik-schwarzer.de\/wp-content\/uploads\/2021\/03\/ashampoo_snap_2013_003-3.jpg\" alt=\"\" data-id=\"344\" data-full-url=\"https:\/\/schuhtechnik-schwarzer.de\/wp-content\/uploads\/2021\/03\/ashampoo_snap_2013_003-3.jpg\" data-link=\"https:\/\/schuhtechnik-schwarzer.de\/?attachment_id=344\" class=\"wp-image-344\" srcset=\"https:\/\/schuhtechnik-schwarzer.de\/wp-content\/uploads\/2021\/03\/ashampoo_snap_2013_003-3.jpg 540w, https:\/\/schuhtechnik-schwarzer.de\/wp-content\/uploads\/2021\/03\/ashampoo_snap_2013_003-3-300x223.jpg 300w\" sizes=\"auto, (max-width: 540px) 100vw, 540px\" \/><\/figure><\/li><li class=\"blocks-gallery-item\"><figure><img loading=\"lazy\" decoding=\"async\" width=\"540\" height=\"403\" src=\"https:\/\/schuhtechnik-schwarzer.de\/wp-content\/uploads\/2021\/03\/ashampoo_snap_2013_004-2.jpg\" alt=\"\" data-id=\"345\" data-full-url=\"https:\/\/schuhtechnik-schwarzer.de\/wp-content\/uploads\/2021\/03\/ashampoo_snap_2013_004-2.jpg\" data-link=\"https:\/\/schuhtechnik-schwarzer.de\/?attachment_id=345\" class=\"wp-image-345\" srcset=\"https:\/\/schuhtechnik-schwarzer.de\/wp-content\/uploads\/2021\/03\/ashampoo_snap_2013_004-2.jpg 540w, https:\/\/schuhtechnik-schwarzer.de\/wp-content\/uploads\/2021\/03\/ashampoo_snap_2013_004-2-300x224.jpg 300w\" sizes=\"auto, (max-width: 540px) 100vw, 540px\" \/><\/figure><\/li><li class=\"blocks-gallery-item\"><figure><img loading=\"lazy\" decoding=\"async\" width=\"540\" height=\"407\" src=\"https:\/\/schuhtechnik-schwarzer.de\/wp-content\/uploads\/2021\/03\/ashampoo_snap_2013-6.jpg\" alt=\"\" data-id=\"346\" data-full-url=\"https:\/\/schuhtechnik-schwarzer.de\/wp-content\/uploads\/2021\/03\/ashampoo_snap_2013-6.jpg\" data-link=\"https:\/\/schuhtechnik-schwarzer.de\/?attachment_id=346\" class=\"wp-image-346\" srcset=\"https:\/\/schuhtechnik-schwarzer.de\/wp-content\/uploads\/2021\/03\/ashampoo_snap_2013-6.jpg 540w, https:\/\/schuhtechnik-schwarzer.de\/wp-content\/uploads\/2021\/03\/ashampoo_snap_2013-6-300x226.jpg 300w\" sizes=\"auto, (max-width: 540px) 100vw, 540px\" \/><\/figure><\/li><\/ul><\/figure>\n","protected":false},"excerpt":{"rendered":"<p>Den genauen Ablauf der Versorgung eines Patienten k\u00f6nnen wir nicht darstellen, denn jeder Patient ist einzigartig. Daher versorgen wir jeden &hellip; <\/p>\n","protected":false},"author":1,"featured_media":0,"parent":0,"menu_order":0,"comment_status":"closed","ping_status":"closed","template":"","meta":{"footnotes":""},"class_list":["post-342","page","type-page","status-publish","hentry"],"_links":{"self":[{"href":"https:\/\/schuhtechnik-schwarzer.de\/index.php?rest_route=\/wp\/v2\/pages\/342","targetHints":{"allow":["GET"]}}],"collection":[{"href":"https:\/\/schuhtechnik-schwarzer.de\/index.php?rest_route=\/wp\/v2\/pages"}],"about":[{"href":"https:\/\/schuhtechnik-schwarzer.de\/index.php?rest_route=\/wp\/v2\/types\/page"}],"author":[{"embeddable":true,"href":"https:\/\/schuhtechnik-schwarzer.de\/index.php?rest_route=\/wp\/v2\/users\/1"}],"replies":[{"embeddable":true,"href":"https:\/\/schuhtechnik-schwarzer.de\/index.php?rest_route=%2Fwp%2Fv2%2Fcomments&post=342"}],"version-history":[{"count":2,"href":"https:\/\/schuhtechnik-schwarzer.de\/index.php?rest_route=\/wp\/v2\/pages\/342\/revisions"}],"predecessor-version":[{"id":403,"href":"https:\/\/schuhtechnik-schwarzer.de\/index.php?rest_route=\/wp\/v2\/pages\/342\/revisions\/403"}],"wp:attachment":[{"href":"https:\/\/schuhtechnik-schwarzer.de\/index.php?rest_route=%2Fwp%2Fv2%2Fmedia&parent=342"}],"curies":[{"name":"wp","href":"https:\/\/api.w.org\/{rel}","templated":true}]}}