{"id":317,"date":"2021-03-19T11:23:38","date_gmt":"2021-03-19T10:23:38","guid":{"rendered":"https:\/\/schuhtechnik-schwarzer.de\/?page_id=317"},"modified":"2021-03-19T11:25:01","modified_gmt":"2021-03-19T10:25:01","slug":"orthopaedie-kongress-messe-koeln","status":"publish","type":"page","link":"https:\/\/schuhtechnik-schwarzer.de\/?page_id=317","title":{"rendered":"Orthop\u00e4die Kongress\/Messe K\u00f6ln"},"content":{"rendered":"\n<p>Im Oktober 2013 sind wir als Referent auf der internationalen &#8222;Orthop\u00e4die Schuh Technik&#8220; Kongress mit Fachmesse Messe in K\u00f6ln am Stand der Firma VimaNova vertreten gewesen. Durch Live-Einlagenanpassungen und 3D-K\u00f6rpervermessungen konnten wir dem Publikum die einzigartige Wirkung der VimaNova-Einlagen und der Notwendigkeit von Orth.-Fachwissen bei der individuellen Versorgung zeigen.<\/p>\n\n\n\n<figure class=\"wp-block-gallery aligncenter columns-3 is-cropped wp-block-gallery-2 is-layout-flex wp-block-gallery-is-layout-flex\"><ul class=\"blocks-gallery-grid\"><li class=\"blocks-gallery-item\"><figure><img loading=\"lazy\" decoding=\"async\" width=\"360\" height=\"270\" src=\"https:\/\/schuhtechnik-schwarzer.de\/wp-content\/uploads\/2021\/03\/car3d558862a26b130cbe21.jpg\" alt=\"\" data-id=\"318\" data-full-url=\"https:\/\/schuhtechnik-schwarzer.de\/wp-content\/uploads\/2021\/03\/car3d558862a26b130cbe21.jpg\" data-link=\"https:\/\/schuhtechnik-schwarzer.de\/?attachment_id=318\" class=\"wp-image-318\" srcset=\"https:\/\/schuhtechnik-schwarzer.de\/wp-content\/uploads\/2021\/03\/car3d558862a26b130cbe21.jpg 360w, https:\/\/schuhtechnik-schwarzer.de\/wp-content\/uploads\/2021\/03\/car3d558862a26b130cbe21-300x225.jpg 300w\" sizes=\"auto, (max-width: 360px) 100vw, 360px\" \/><\/figure><\/li><li class=\"blocks-gallery-item\"><figure><img loading=\"lazy\" decoding=\"async\" width=\"360\" height=\"270\" src=\"https:\/\/schuhtechnik-schwarzer.de\/wp-content\/uploads\/2021\/03\/car3d558862a26b130cbe22.jpg\" alt=\"\" data-id=\"319\" data-full-url=\"https:\/\/schuhtechnik-schwarzer.de\/wp-content\/uploads\/2021\/03\/car3d558862a26b130cbe22.jpg\" data-link=\"https:\/\/schuhtechnik-schwarzer.de\/?attachment_id=319\" class=\"wp-image-319\" srcset=\"https:\/\/schuhtechnik-schwarzer.de\/wp-content\/uploads\/2021\/03\/car3d558862a26b130cbe22.jpg 360w, https:\/\/schuhtechnik-schwarzer.de\/wp-content\/uploads\/2021\/03\/car3d558862a26b130cbe22-300x225.jpg 300w\" sizes=\"auto, (max-width: 360px) 100vw, 360px\" \/><\/figure><\/li><li class=\"blocks-gallery-item\"><figure><img loading=\"lazy\" decoding=\"async\" width=\"360\" height=\"270\" src=\"https:\/\/schuhtechnik-schwarzer.de\/wp-content\/uploads\/2021\/03\/car3d558862a26b130cbe23.jpg\" alt=\"\" data-id=\"320\" data-full-url=\"https:\/\/schuhtechnik-schwarzer.de\/wp-content\/uploads\/2021\/03\/car3d558862a26b130cbe23.jpg\" data-link=\"https:\/\/schuhtechnik-schwarzer.de\/?attachment_id=320\" class=\"wp-image-320\" srcset=\"https:\/\/schuhtechnik-schwarzer.de\/wp-content\/uploads\/2021\/03\/car3d558862a26b130cbe23.jpg 360w, https:\/\/schuhtechnik-schwarzer.de\/wp-content\/uploads\/2021\/03\/car3d558862a26b130cbe23-300x225.jpg 300w\" sizes=\"auto, (max-width: 360px) 100vw, 360px\" \/><\/figure><\/li><li class=\"blocks-gallery-item\"><figure><img loading=\"lazy\" decoding=\"async\" width=\"270\" height=\"360\" src=\"https:\/\/schuhtechnik-schwarzer.de\/wp-content\/uploads\/2021\/03\/car3d558862a26b130cbe24.jpg\" alt=\"\" data-id=\"321\" data-full-url=\"https:\/\/schuhtechnik-schwarzer.de\/wp-content\/uploads\/2021\/03\/car3d558862a26b130cbe24.jpg\" data-link=\"https:\/\/schuhtechnik-schwarzer.de\/?attachment_id=321\" class=\"wp-image-321\" srcset=\"https:\/\/schuhtechnik-schwarzer.de\/wp-content\/uploads\/2021\/03\/car3d558862a26b130cbe24.jpg 270w, https:\/\/schuhtechnik-schwarzer.de\/wp-content\/uploads\/2021\/03\/car3d558862a26b130cbe24-225x300.jpg 225w\" sizes=\"auto, (max-width: 270px) 100vw, 270px\" \/><\/figure><\/li><li class=\"blocks-gallery-item\"><figure><img loading=\"lazy\" decoding=\"async\" width=\"270\" height=\"360\" src=\"https:\/\/schuhtechnik-schwarzer.de\/wp-content\/uploads\/2021\/03\/car3d558862a26b130cbe25.jpg\" alt=\"\" data-id=\"322\" data-full-url=\"https:\/\/schuhtechnik-schwarzer.de\/wp-content\/uploads\/2021\/03\/car3d558862a26b130cbe25.jpg\" data-link=\"https:\/\/schuhtechnik-schwarzer.de\/?attachment_id=322\" class=\"wp-image-322\" srcset=\"https:\/\/schuhtechnik-schwarzer.de\/wp-content\/uploads\/2021\/03\/car3d558862a26b130cbe25.jpg 270w, https:\/\/schuhtechnik-schwarzer.de\/wp-content\/uploads\/2021\/03\/car3d558862a26b130cbe25-225x300.jpg 225w\" sizes=\"auto, (max-width: 270px) 100vw, 270px\" \/><\/figure><\/li><\/ul><\/figure>\n\n\n\n<p>Eine namhafte Zeitung berichtete wenig sp\u00e4ter:<br>\u201eMit dieser \u00fcberw\u00e4ltigenden Resonanz h\u00e4tten wir bei unserer Premiere nicht gerechnet\u201c, bilanziert VimaNova-Gesch\u00e4ftsf\u00fchrer Rainer K\u00f6lsch die beiden Messetage in K\u00f6ln. F\u00fcr das innovative Pirmasenser Unternehmen, das sich auf die Entwicklung individueller Einlagensysteme spezialisiert hat, war die europ\u00e4ische Fachmesse \u201eOrthop\u00e4die Schuh Technik\u201c in K\u00f6ln ein herausragender Erfolg. \u201eNachdem sich die ganz individuell und direkt am Patientenfu\u00df angepasste Einlage, sozusagen in unserem Heimatmarkt, mittlerweile in zahllosen Schuhen fest etabliert hat, sehen wir uns in dem neuen Ansatz der Anpassung und Fertigung von Einlagen rundum best\u00e4tigt\u201c, verweist Orthop\u00e4die-Schuhtechnikermeister Rainer K\u00f6lsch auf die Marktdurchdringung am Standort in der S\u00fcdwestpfalz und ist immer noch angetan vom Anklang, den die federleichte und flexible Einlage beim Fachpublikum fand: \u201eDie Exaktheit in der Anpassung und die Einfachheit in der Fertigung haben viele Fachbesucher aus Orthop\u00e4die und Medizin schnell \u00fcberzeugt, die bisher mit konventionellen Einlagen arbeiteten. Der enorme Andrang am VimaNova-Messestand w\u00e4hrend der Demonstration belegte, dass die Branche nach Neuentwicklungen in der Einlagenfertigung sucht. Mittlerweile liegen auch statistische Auswertungen von Ganganalysen vor, die die Wirkungsweise der VimaNova-Einlagen dokumentieren, sowohl als Unterst\u00fctzung und Vorbeugung, als auch bei Korrekturen von Fehlstellungen. Wir sind nach den Gespr\u00e4chen w\u00e4hrend der Messe in K\u00f6ln \u00e4u\u00dferst zuversichtlich, dass die Zahl der VimaNova-Partnerunternehmen nun schnell w\u00e4chst, denn die Interessenten, die die Vorteile der eigenartigen Einlagesohle erfasst haben, sind stark daran interessiert, die Neuheit als Erster anzubieten\u201c.<br>Ganganalyse-Workshop f\u00fcr Fachbesucher<object type=\"application\/x-oleobject\" width=\"512\" height=\"384\"><p><\/p><\/object><\/p>\n","protected":false},"excerpt":{"rendered":"<p>Im Oktober 2013 sind wir als Referent auf der internationalen &#8222;Orthop\u00e4die Schuh Technik&#8220; Kongress mit Fachmesse Messe in K\u00f6ln am &hellip; <\/p>\n","protected":false},"author":1,"featured_media":0,"parent":0,"menu_order":0,"comment_status":"closed","ping_status":"closed","template":"","meta":{"footnotes":""},"class_list":["post-317","page","type-page","status-publish","hentry"],"_links":{"self":[{"href":"https:\/\/schuhtechnik-schwarzer.de\/index.php?rest_route=\/wp\/v2\/pages\/317","targetHints":{"allow":["GET"]}}],"collection":[{"href":"https:\/\/schuhtechnik-schwarzer.de\/index.php?rest_route=\/wp\/v2\/pages"}],"about":[{"href":"https:\/\/schuhtechnik-schwarzer.de\/index.php?rest_route=\/wp\/v2\/types\/page"}],"author":[{"embeddable":true,"href":"https:\/\/schuhtechnik-schwarzer.de\/index.php?rest_route=\/wp\/v2\/users\/1"}],"replies":[{"embeddable":true,"href":"https:\/\/schuhtechnik-schwarzer.de\/index.php?rest_route=%2Fwp%2Fv2%2Fcomments&post=317"}],"version-history":[{"count":2,"href":"https:\/\/schuhtechnik-schwarzer.de\/index.php?rest_route=\/wp\/v2\/pages\/317\/revisions"}],"predecessor-version":[{"id":325,"href":"https:\/\/schuhtechnik-schwarzer.de\/index.php?rest_route=\/wp\/v2\/pages\/317\/revisions\/325"}],"wp:attachment":[{"href":"https:\/\/schuhtechnik-schwarzer.de\/index.php?rest_route=%2Fwp%2Fv2%2Fmedia&parent=317"}],"curies":[{"name":"wp","href":"https:\/\/api.w.org\/{rel}","templated":true}]}}