{"id":309,"date":"2021-03-19T11:20:33","date_gmt":"2021-03-19T10:20:33","guid":{"rendered":"https:\/\/schuhtechnik-schwarzer.de\/?page_id=309"},"modified":"2021-03-19T11:20:34","modified_gmt":"2021-03-19T10:20:34","slug":"vortraege","status":"publish","type":"page","link":"https:\/\/schuhtechnik-schwarzer.de\/?page_id=309","title":{"rendered":"Vortr\u00e4ge"},"content":{"rendered":"\n<p>Wissen ist nur dann f\u00fcr alle hilfreich, wenn es einem breiten Personenkreis zug\u00e4nglich ist.\u00a0<br>Ganz unter diesem Motto nehmen wir als Referent an Veranstaltungen Teil, um unseren Kunden unsere Leistungen erkl\u00e4ren und demonstrieren zu k\u00f6nnen.<br>Auf den n\u00e4chsten Seiten finden Sie einige gr\u00f6\u00dfere Veranstaltungen, auf denen wir in letzter Zeit pr\u00e4sent waren. Auch f\u00fcr das n\u00e4chste Jahr planen wir schon weitere Veranstaltungen. Kennen Sie eine Veranstaltung, auf der wir aktiv sein sollten? Dann melden Sie sich doch einfach mal bei uns, wir w\u00fcrden uns freuen!<\/p>\n\n\n\n<figure class=\"wp-block-gallery aligncenter columns-2 wp-block-gallery-2 is-layout-flex wp-block-gallery-is-layout-flex\"><ul class=\"blocks-gallery-grid\"><li class=\"blocks-gallery-item\"><figure><img loading=\"lazy\" decoding=\"async\" width=\"270\" height=\"360\" src=\"https:\/\/schuhtechnik-schwarzer.de\/wp-content\/uploads\/2021\/03\/car3d558862a26b13790f61.jpg\" alt=\"\" data-id=\"310\" data-full-url=\"https:\/\/schuhtechnik-schwarzer.de\/wp-content\/uploads\/2021\/03\/car3d558862a26b13790f61.jpg\" data-link=\"https:\/\/schuhtechnik-schwarzer.de\/?attachment_id=310\" class=\"wp-image-310\" srcset=\"https:\/\/schuhtechnik-schwarzer.de\/wp-content\/uploads\/2021\/03\/car3d558862a26b13790f61.jpg 270w, https:\/\/schuhtechnik-schwarzer.de\/wp-content\/uploads\/2021\/03\/car3d558862a26b13790f61-225x300.jpg 225w\" sizes=\"auto, (max-width: 270px) 100vw, 270px\" \/><\/figure><\/li><li class=\"blocks-gallery-item\"><figure><img loading=\"lazy\" decoding=\"async\" width=\"293\" height=\"360\" src=\"https:\/\/schuhtechnik-schwarzer.de\/wp-content\/uploads\/2021\/03\/car3d558862a26b13790f62.jpg\" alt=\"\" data-id=\"311\" data-full-url=\"https:\/\/schuhtechnik-schwarzer.de\/wp-content\/uploads\/2021\/03\/car3d558862a26b13790f62.jpg\" data-link=\"https:\/\/schuhtechnik-schwarzer.de\/?attachment_id=311\" class=\"wp-image-311\" srcset=\"https:\/\/schuhtechnik-schwarzer.de\/wp-content\/uploads\/2021\/03\/car3d558862a26b13790f62.jpg 293w, https:\/\/schuhtechnik-schwarzer.de\/wp-content\/uploads\/2021\/03\/car3d558862a26b13790f62-244x300.jpg 244w\" sizes=\"auto, (max-width: 293px) 100vw, 293px\" \/><\/figure><\/li><li class=\"blocks-gallery-item\"><figure><img loading=\"lazy\" decoding=\"async\" width=\"360\" height=\"241\" src=\"https:\/\/schuhtechnik-schwarzer.de\/wp-content\/uploads\/2021\/03\/car3d558862a26b13790f64.jpg\" alt=\"\" data-id=\"313\" data-full-url=\"https:\/\/schuhtechnik-schwarzer.de\/wp-content\/uploads\/2021\/03\/car3d558862a26b13790f64.jpg\" data-link=\"https:\/\/schuhtechnik-schwarzer.de\/?attachment_id=313\" class=\"wp-image-313\" srcset=\"https:\/\/schuhtechnik-schwarzer.de\/wp-content\/uploads\/2021\/03\/car3d558862a26b13790f64.jpg 360w, https:\/\/schuhtechnik-schwarzer.de\/wp-content\/uploads\/2021\/03\/car3d558862a26b13790f64-300x201.jpg 300w\" sizes=\"auto, (max-width: 360px) 100vw, 360px\" \/><\/figure><\/li><li class=\"blocks-gallery-item\"><figure><img loading=\"lazy\" decoding=\"async\" width=\"360\" height=\"241\" src=\"https:\/\/schuhtechnik-schwarzer.de\/wp-content\/uploads\/2021\/03\/car3d558862a26b13790f65.jpg\" alt=\"\" data-id=\"314\" data-full-url=\"https:\/\/schuhtechnik-schwarzer.de\/wp-content\/uploads\/2021\/03\/car3d558862a26b13790f65.jpg\" data-link=\"https:\/\/schuhtechnik-schwarzer.de\/?attachment_id=314\" class=\"wp-image-314\" srcset=\"https:\/\/schuhtechnik-schwarzer.de\/wp-content\/uploads\/2021\/03\/car3d558862a26b13790f65.jpg 360w, https:\/\/schuhtechnik-schwarzer.de\/wp-content\/uploads\/2021\/03\/car3d558862a26b13790f65-300x201.jpg 300w\" sizes=\"auto, (max-width: 360px) 100vw, 360px\" \/><\/figure><\/li><li class=\"blocks-gallery-item\"><figure><img loading=\"lazy\" decoding=\"async\" width=\"360\" height=\"200\" src=\"https:\/\/schuhtechnik-schwarzer.de\/wp-content\/uploads\/2021\/03\/car3d558862a26b13790f63.jpg\" alt=\"\" data-id=\"312\" data-full-url=\"https:\/\/schuhtechnik-schwarzer.de\/wp-content\/uploads\/2021\/03\/car3d558862a26b13790f63.jpg\" data-link=\"https:\/\/schuhtechnik-schwarzer.de\/?attachment_id=312\" class=\"wp-image-312\" srcset=\"https:\/\/schuhtechnik-schwarzer.de\/wp-content\/uploads\/2021\/03\/car3d558862a26b13790f63.jpg 360w, https:\/\/schuhtechnik-schwarzer.de\/wp-content\/uploads\/2021\/03\/car3d558862a26b13790f63-300x167.jpg 300w\" sizes=\"auto, (max-width: 360px) 100vw, 360px\" \/><\/figure><\/li><\/ul><\/figure>\n","protected":false},"excerpt":{"rendered":"<p>Wissen ist nur dann f\u00fcr alle hilfreich, wenn es einem breiten Personenkreis zug\u00e4nglich ist.\u00a0Ganz unter diesem Motto nehmen wir als &hellip; <\/p>\n","protected":false},"author":1,"featured_media":0,"parent":0,"menu_order":0,"comment_status":"closed","ping_status":"closed","template":"","meta":{"footnotes":""},"class_list":["post-309","page","type-page","status-publish","hentry"],"_links":{"self":[{"href":"https:\/\/schuhtechnik-schwarzer.de\/index.php?rest_route=\/wp\/v2\/pages\/309","targetHints":{"allow":["GET"]}}],"collection":[{"href":"https:\/\/schuhtechnik-schwarzer.de\/index.php?rest_route=\/wp\/v2\/pages"}],"about":[{"href":"https:\/\/schuhtechnik-schwarzer.de\/index.php?rest_route=\/wp\/v2\/types\/page"}],"author":[{"embeddable":true,"href":"https:\/\/schuhtechnik-schwarzer.de\/index.php?rest_route=\/wp\/v2\/users\/1"}],"replies":[{"embeddable":true,"href":"https:\/\/schuhtechnik-schwarzer.de\/index.php?rest_route=%2Fwp%2Fv2%2Fcomments&post=309"}],"version-history":[{"count":1,"href":"https:\/\/schuhtechnik-schwarzer.de\/index.php?rest_route=\/wp\/v2\/pages\/309\/revisions"}],"predecessor-version":[{"id":315,"href":"https:\/\/schuhtechnik-schwarzer.de\/index.php?rest_route=\/wp\/v2\/pages\/309\/revisions\/315"}],"wp:attachment":[{"href":"https:\/\/schuhtechnik-schwarzer.de\/index.php?rest_route=%2Fwp%2Fv2%2Fmedia&parent=309"}],"curies":[{"name":"wp","href":"https:\/\/api.w.org\/{rel}","templated":true}]}}