{"id":221,"date":"2021-03-19T10:11:34","date_gmt":"2021-03-19T09:11:34","guid":{"rendered":"https:\/\/schuhtechnik-schwarzer.de\/?page_id=221"},"modified":"2021-03-19T10:11:35","modified_gmt":"2021-03-19T09:11:35","slug":"vimanova-einlagen","status":"publish","type":"page","link":"https:\/\/schuhtechnik-schwarzer.de\/?page_id=221","title":{"rendered":"VimaNova Einlagen"},"content":{"rendered":"\n<p>Sie sind einfach genial \u2013 gemeint sind die neuen perfekten Einlagen f\u00fcr jeden Schuh, welche in Sportschuhen bis zu Highheels getragen werden k\u00f6nnen. Die Firma VimaNova aus Pirmasens macht dies m\u00f6glich. Acht Jahre wurde an der Entwicklung dieser einzigartigen Ma\u00dfeinlage gearbeitet \u2013 ein revolution\u00e4res Einlagensystem, welches zur Korrektur von Fu\u00dffehlstellungen wie etwa Senk-, Spreizfu\u00df usw. punktgenau am Fu\u00df des Patienten vom orthop\u00e4dischen Schuhtechniker angefertigt werden kann.<br>Aufmerksam wurden wir auf die Weltneuheit im Januar 2013 beim internationalen Orth. Kongress in Kassel. Wir kamen schnell mit dem Hersteller dieses Systems ins Gespr\u00e4ch und waren schnell von diesem System aufgrund der Abformtechnik und der Stimulierung der k\u00f6rpereigenen Reize der Hautoberfl\u00e4che (Tasten-F\u00fchlen-Reagieren) begeistert. Wir vereinbarten, dass VimaNova uns ein komplettes System zur genauen Dokumentation bez\u00fcglich Haltungskorrektur und Behandlungsverlauf durch 3D-K\u00f6rpervermessung kostenfrei f\u00fcr sechs Monate zur Verf\u00fcgung stellt. Erst wurden Familienangeh\u00f6rige und dann zehn Kunden ausgew\u00e4hlt, welche sich bereit erkl\u00e4rten, w\u00f6chentlich eine R\u00fcckmeldung an uns bez\u00fcglich Tragekomfort bzw. Erfahrungen mit dem neuen Produkt f\u00fcr einen Zeitraum von sechs Monaten verpflichtend zu liefern. Der Behandlungsverlauf wurde wiederum durch 3D-K\u00f6rpervermessung dokumentiert.<br>Eine Verbesserung der Haltung und der Gangart war bereits innerhalb k\u00fcrzester Zeit sicht- und sp\u00fcrbar. Die Patienten sind begeistert, f\u00fchlen sich teilweise als w\u00fcrden sie barfu\u00df gehen. Genau das ist es, was an den neuen Einlagen so faszinierend und einzigartig ist \u2013 Wohlf\u00fchlgef\u00fchl pur. Durch erh\u00f6hte Reize an der Fu\u00dfsohle und der Korrektur der Fehlstellung kommt es zur besseren Durchblutung und dadurch zum schnelleren R\u00fcckgang von Hornhautschwielen und Schmerzzonen, selbst langwierige Dornwarzen am Fu\u00df l\u00f6sten sich schon nach kurzer Zeit ab.<\/p>\n\n\n\n<div class=\"wp-block-image\"><figure class=\"aligncenter size-large\"><img loading=\"lazy\" decoding=\"async\" width=\"540\" height=\"405\" src=\"https:\/\/schuhtechnik-schwarzer.de\/wp-content\/uploads\/2021\/03\/2013-08-25-15.jpg\" alt=\"\" class=\"wp-image-222\" srcset=\"https:\/\/schuhtechnik-schwarzer.de\/wp-content\/uploads\/2021\/03\/2013-08-25-15.jpg 540w, https:\/\/schuhtechnik-schwarzer.de\/wp-content\/uploads\/2021\/03\/2013-08-25-15-300x225.jpg 300w\" sizes=\"auto, (max-width: 540px) 100vw, 540px\" \/><\/figure><\/div>\n\n\n\n<div class=\"wp-block-image\"><figure class=\"aligncenter size-large\"><img loading=\"lazy\" decoding=\"async\" width=\"540\" height=\"303\" src=\"https:\/\/schuhtechnik-schwarzer.de\/wp-content\/uploads\/2021\/03\/vimanova_1b_540.jpg\" alt=\"\" class=\"wp-image-223\" srcset=\"https:\/\/schuhtechnik-schwarzer.de\/wp-content\/uploads\/2021\/03\/vimanova_1b_540.jpg 540w, https:\/\/schuhtechnik-schwarzer.de\/wp-content\/uploads\/2021\/03\/vimanova_1b_540-300x168.jpg 300w\" sizes=\"auto, (max-width: 540px) 100vw, 540px\" \/><\/figure><\/div>\n\n\n\n<p>Bisher war gutes, qualitativ hochwertiges Schuhwerk n\u00f6tig, damit mit Einlagen eine effektive Wirkung erzielt werden konnte. Die Einlagen ben\u00f6tigen bisher eine druckstabile Laufsohle und eine gerade Auflagefl\u00e4che im Schuh, um eine optimale Wirkung zu erzielen.<br>Die neuen VimaNova-Einlagen sind flexibel und anschmiegsam, an der Unterseite sorgen ca. 100 Noppen, als individuell angefertigte Sto\u00dfd\u00e4mpfer an der Fu\u00dfsohle, welche die Information \u00fcber den Tastsinn der Hautoberfl\u00e4che an das Gehirn senden und dadurch die entsprechenden Muskelketten schneller ansteuern, daf\u00fcr, eine entspreche Haltungs- und Gangbildkorrektur zu erzielen. Die Einlage kann punktgenau am Fu\u00df korrigiert und angepasst werden, wodurch ein perfekter Tragekomfort und volle Funktion garantiert ist und viele Beschwerden wie z.B. an Fu\u00df, Knie, H\u00fcfte, R\u00fccken, Schulter und Nacken bis hin zu st\u00e4ndigen Kopfschmerzen, welche durch eine Fehlstellung am Fu\u00df ausgel\u00f6st werden k\u00f6nnen, bald der Vergangenheit angeh\u00f6ren. Auf Grund dieser einzigartigen Erfindung und deren Anpassung am Fu\u00df des Patienten hat sich durch eine l\u00fcckenlose Dokumentation des Behandlungsverlaufs, entsprechende K\u00f6rpervermessungen und die dynamischen Noppen dieser Einlagen eine unglaubliche Mobilisierung der k\u00f6rpereigenen Reaktionen zur Behebung diverser Beschwerden best\u00e4tigt.<\/p>\n\n\n\n<figure class=\"wp-block-gallery aligncenter columns-6 is-cropped wp-block-gallery-2 is-layout-flex wp-block-gallery-is-layout-flex\"><ul class=\"blocks-gallery-grid\"><li class=\"blocks-gallery-item\"><figure><img loading=\"lazy\" decoding=\"async\" width=\"540\" height=\"405\" src=\"https:\/\/schuhtechnik-schwarzer.de\/wp-content\/uploads\/2021\/03\/pstack_558862a26b110b08a_1.jpg\" alt=\"\" data-id=\"224\" data-full-url=\"https:\/\/schuhtechnik-schwarzer.de\/wp-content\/uploads\/2021\/03\/pstack_558862a26b110b08a_1.jpg\" data-link=\"https:\/\/schuhtechnik-schwarzer.de\/?attachment_id=224\" class=\"wp-image-224\" srcset=\"https:\/\/schuhtechnik-schwarzer.de\/wp-content\/uploads\/2021\/03\/pstack_558862a26b110b08a_1.jpg 540w, https:\/\/schuhtechnik-schwarzer.de\/wp-content\/uploads\/2021\/03\/pstack_558862a26b110b08a_1-300x225.jpg 300w\" sizes=\"auto, (max-width: 540px) 100vw, 540px\" \/><\/figure><\/li><li class=\"blocks-gallery-item\"><figure><img loading=\"lazy\" decoding=\"async\" width=\"540\" height=\"405\" src=\"https:\/\/schuhtechnik-schwarzer.de\/wp-content\/uploads\/2021\/03\/pstack_558862a26b110b08a_2.jpg\" alt=\"\" data-id=\"225\" data-full-url=\"https:\/\/schuhtechnik-schwarzer.de\/wp-content\/uploads\/2021\/03\/pstack_558862a26b110b08a_2.jpg\" data-link=\"https:\/\/schuhtechnik-schwarzer.de\/?attachment_id=225\" class=\"wp-image-225\" srcset=\"https:\/\/schuhtechnik-schwarzer.de\/wp-content\/uploads\/2021\/03\/pstack_558862a26b110b08a_2.jpg 540w, https:\/\/schuhtechnik-schwarzer.de\/wp-content\/uploads\/2021\/03\/pstack_558862a26b110b08a_2-300x225.jpg 300w\" sizes=\"auto, (max-width: 540px) 100vw, 540px\" \/><\/figure><\/li><li class=\"blocks-gallery-item\"><figure><img loading=\"lazy\" decoding=\"async\" width=\"540\" height=\"405\" src=\"https:\/\/schuhtechnik-schwarzer.de\/wp-content\/uploads\/2021\/03\/pstack_558862a26b110b08a_3.jpg\" alt=\"\" data-id=\"226\" data-full-url=\"https:\/\/schuhtechnik-schwarzer.de\/wp-content\/uploads\/2021\/03\/pstack_558862a26b110b08a_3.jpg\" data-link=\"https:\/\/schuhtechnik-schwarzer.de\/?attachment_id=226\" class=\"wp-image-226\" srcset=\"https:\/\/schuhtechnik-schwarzer.de\/wp-content\/uploads\/2021\/03\/pstack_558862a26b110b08a_3.jpg 540w, https:\/\/schuhtechnik-schwarzer.de\/wp-content\/uploads\/2021\/03\/pstack_558862a26b110b08a_3-300x225.jpg 300w\" sizes=\"auto, (max-width: 540px) 100vw, 540px\" \/><\/figure><\/li><li class=\"blocks-gallery-item\"><figure><img loading=\"lazy\" decoding=\"async\" width=\"540\" height=\"405\" src=\"https:\/\/schuhtechnik-schwarzer.de\/wp-content\/uploads\/2021\/03\/pstack_558862a26b110b08a_4.jpg\" alt=\"\" data-id=\"227\" data-full-url=\"https:\/\/schuhtechnik-schwarzer.de\/wp-content\/uploads\/2021\/03\/pstack_558862a26b110b08a_4.jpg\" data-link=\"https:\/\/schuhtechnik-schwarzer.de\/?attachment_id=227\" class=\"wp-image-227\" srcset=\"https:\/\/schuhtechnik-schwarzer.de\/wp-content\/uploads\/2021\/03\/pstack_558862a26b110b08a_4.jpg 540w, https:\/\/schuhtechnik-schwarzer.de\/wp-content\/uploads\/2021\/03\/pstack_558862a26b110b08a_4-300x225.jpg 300w\" sizes=\"auto, (max-width: 540px) 100vw, 540px\" \/><\/figure><\/li><li class=\"blocks-gallery-item\"><figure><img loading=\"lazy\" decoding=\"async\" width=\"540\" height=\"405\" src=\"https:\/\/schuhtechnik-schwarzer.de\/wp-content\/uploads\/2021\/03\/pstack_558862a26b110b08a_5.jpg\" alt=\"\" data-id=\"228\" data-full-url=\"https:\/\/schuhtechnik-schwarzer.de\/wp-content\/uploads\/2021\/03\/pstack_558862a26b110b08a_5.jpg\" data-link=\"https:\/\/schuhtechnik-schwarzer.de\/?attachment_id=228\" class=\"wp-image-228\" srcset=\"https:\/\/schuhtechnik-schwarzer.de\/wp-content\/uploads\/2021\/03\/pstack_558862a26b110b08a_5.jpg 540w, https:\/\/schuhtechnik-schwarzer.de\/wp-content\/uploads\/2021\/03\/pstack_558862a26b110b08a_5-300x225.jpg 300w\" sizes=\"auto, (max-width: 540px) 100vw, 540px\" \/><\/figure><\/li><li class=\"blocks-gallery-item\"><figure><img loading=\"lazy\" decoding=\"async\" width=\"540\" height=\"405\" src=\"https:\/\/schuhtechnik-schwarzer.de\/wp-content\/uploads\/2021\/03\/pstack_558862a26b110b08a_6.jpg\" alt=\"\" data-id=\"229\" data-full-url=\"https:\/\/schuhtechnik-schwarzer.de\/wp-content\/uploads\/2021\/03\/pstack_558862a26b110b08a_6.jpg\" data-link=\"https:\/\/schuhtechnik-schwarzer.de\/?attachment_id=229\" class=\"wp-image-229\" srcset=\"https:\/\/schuhtechnik-schwarzer.de\/wp-content\/uploads\/2021\/03\/pstack_558862a26b110b08a_6.jpg 540w, https:\/\/schuhtechnik-schwarzer.de\/wp-content\/uploads\/2021\/03\/pstack_558862a26b110b08a_6-300x225.jpg 300w\" sizes=\"auto, (max-width: 540px) 100vw, 540px\" \/><\/figure><\/li><li class=\"blocks-gallery-item\"><figure><img loading=\"lazy\" decoding=\"async\" width=\"540\" height=\"405\" src=\"https:\/\/schuhtechnik-schwarzer.de\/wp-content\/uploads\/2021\/03\/pstack_558862a26b110b08a_7.jpg\" alt=\"\" data-id=\"230\" data-full-url=\"https:\/\/schuhtechnik-schwarzer.de\/wp-content\/uploads\/2021\/03\/pstack_558862a26b110b08a_7.jpg\" data-link=\"https:\/\/schuhtechnik-schwarzer.de\/?attachment_id=230\" class=\"wp-image-230\" srcset=\"https:\/\/schuhtechnik-schwarzer.de\/wp-content\/uploads\/2021\/03\/pstack_558862a26b110b08a_7.jpg 540w, https:\/\/schuhtechnik-schwarzer.de\/wp-content\/uploads\/2021\/03\/pstack_558862a26b110b08a_7-300x225.jpg 300w\" sizes=\"auto, (max-width: 540px) 100vw, 540px\" \/><\/figure><\/li><li class=\"blocks-gallery-item\"><figure><img loading=\"lazy\" decoding=\"async\" width=\"540\" height=\"405\" src=\"https:\/\/schuhtechnik-schwarzer.de\/wp-content\/uploads\/2021\/03\/pstack_558862a26b110b08a_8.jpg\" alt=\"\" data-id=\"231\" data-full-url=\"https:\/\/schuhtechnik-schwarzer.de\/wp-content\/uploads\/2021\/03\/pstack_558862a26b110b08a_8.jpg\" data-link=\"https:\/\/schuhtechnik-schwarzer.de\/?attachment_id=231\" class=\"wp-image-231\" srcset=\"https:\/\/schuhtechnik-schwarzer.de\/wp-content\/uploads\/2021\/03\/pstack_558862a26b110b08a_8.jpg 540w, https:\/\/schuhtechnik-schwarzer.de\/wp-content\/uploads\/2021\/03\/pstack_558862a26b110b08a_8-300x225.jpg 300w\" sizes=\"auto, (max-width: 540px) 100vw, 540px\" \/><\/figure><\/li><li class=\"blocks-gallery-item\"><figure><img loading=\"lazy\" decoding=\"async\" width=\"540\" height=\"405\" src=\"https:\/\/schuhtechnik-schwarzer.de\/wp-content\/uploads\/2021\/03\/pstack_558862a26b110b08a_9.jpg\" alt=\"\" data-id=\"232\" data-full-url=\"https:\/\/schuhtechnik-schwarzer.de\/wp-content\/uploads\/2021\/03\/pstack_558862a26b110b08a_9.jpg\" data-link=\"https:\/\/schuhtechnik-schwarzer.de\/?attachment_id=232\" class=\"wp-image-232\" srcset=\"https:\/\/schuhtechnik-schwarzer.de\/wp-content\/uploads\/2021\/03\/pstack_558862a26b110b08a_9.jpg 540w, https:\/\/schuhtechnik-schwarzer.de\/wp-content\/uploads\/2021\/03\/pstack_558862a26b110b08a_9-300x225.jpg 300w\" sizes=\"auto, (max-width: 540px) 100vw, 540px\" \/><\/figure><\/li><li class=\"blocks-gallery-item\"><figure><img loading=\"lazy\" decoding=\"async\" width=\"540\" height=\"405\" src=\"https:\/\/schuhtechnik-schwarzer.de\/wp-content\/uploads\/2021\/03\/pstack_558862a26b110b08a_10.jpg\" alt=\"\" data-id=\"233\" data-full-url=\"https:\/\/schuhtechnik-schwarzer.de\/wp-content\/uploads\/2021\/03\/pstack_558862a26b110b08a_10.jpg\" data-link=\"https:\/\/schuhtechnik-schwarzer.de\/?attachment_id=233\" class=\"wp-image-233\" srcset=\"https:\/\/schuhtechnik-schwarzer.de\/wp-content\/uploads\/2021\/03\/pstack_558862a26b110b08a_10.jpg 540w, https:\/\/schuhtechnik-schwarzer.de\/wp-content\/uploads\/2021\/03\/pstack_558862a26b110b08a_10-300x225.jpg 300w\" sizes=\"auto, (max-width: 540px) 100vw, 540px\" \/><\/figure><\/li><li class=\"blocks-gallery-item\"><figure><img loading=\"lazy\" decoding=\"async\" width=\"540\" height=\"405\" src=\"https:\/\/schuhtechnik-schwarzer.de\/wp-content\/uploads\/2021\/03\/pstack_558862a26b110b08a_11.jpg\" alt=\"\" data-id=\"234\" data-full-url=\"https:\/\/schuhtechnik-schwarzer.de\/wp-content\/uploads\/2021\/03\/pstack_558862a26b110b08a_11.jpg\" data-link=\"https:\/\/schuhtechnik-schwarzer.de\/?attachment_id=234\" class=\"wp-image-234\" srcset=\"https:\/\/schuhtechnik-schwarzer.de\/wp-content\/uploads\/2021\/03\/pstack_558862a26b110b08a_11.jpg 540w, https:\/\/schuhtechnik-schwarzer.de\/wp-content\/uploads\/2021\/03\/pstack_558862a26b110b08a_11-300x225.jpg 300w\" sizes=\"auto, (max-width: 540px) 100vw, 540px\" \/><\/figure><\/li><li class=\"blocks-gallery-item\"><figure><img loading=\"lazy\" decoding=\"async\" width=\"540\" height=\"405\" src=\"https:\/\/schuhtechnik-schwarzer.de\/wp-content\/uploads\/2021\/03\/pstack_558862a26b110b08a_12.jpg\" alt=\"\" data-id=\"235\" data-full-url=\"https:\/\/schuhtechnik-schwarzer.de\/wp-content\/uploads\/2021\/03\/pstack_558862a26b110b08a_12.jpg\" data-link=\"https:\/\/schuhtechnik-schwarzer.de\/?attachment_id=235\" class=\"wp-image-235\" srcset=\"https:\/\/schuhtechnik-schwarzer.de\/wp-content\/uploads\/2021\/03\/pstack_558862a26b110b08a_12.jpg 540w, https:\/\/schuhtechnik-schwarzer.de\/wp-content\/uploads\/2021\/03\/pstack_558862a26b110b08a_12-300x225.jpg 300w\" sizes=\"auto, (max-width: 540px) 100vw, 540px\" \/><\/figure><\/li><\/ul><\/figure>\n\n\n\n<p>Seit Januar 2013 arbeiten wir mit dem neuen System und bisher stie\u00df das System bei den Patienten durchwegs auf positive Resonanz. Das Ziel jeder Einlagenversorgung ist es, Fehlstellungen und deren Folgesch\u00e4den zu vermeiden.<br>Die Versorgung der Patienten mit dem neuartigen VimaNova-Einlagensystem geh\u00f6rt f\u00fcr uns definitiv zum Besten, was wir bisher erfahren durften, da z.B. der Abdruck f\u00fcr dieses Produkt nicht von Hilfspersonal oder Verk\u00e4ufern \u00fcbernommen werden kann, sondern nur von Profis mit entsprechendem Fachwissen. Dadurch ist der erste Schritt f\u00fcr echte Ma\u00dfarbeit und deren Wirkung gegeben. F\u00fcr junge Menschen und modebewusste Damen ergibt sich bei der Verwendung von Vima-Nova-Einlagen eine beinahe uneingeschr\u00e4nkte und wirkungsvolle Verwendung, angefangen bei Sport- und Arbeitsschuhen bis hin zum eleganten Damenpumps, was bisher einfach nicht m\u00f6glich war.<\/p>\n\n\n\n<p><br>Aufgrund unserer kleinen Studie und deren sensationellen Ergebnissen wurden wir von der Firma VimaNova im Oktober 2013 als Referent zum internationalen Orth.-Kongress nach K\u00f6ln eingeladen, um am Messestand vor Ort Einlagenversorgungen durchzuf\u00fchren und unsere 3D-K\u00f6rpervermessungen als Qualit\u00e4tsbeweis dem Fachpublikum vorzustellen.<br>Durch die mobile Einsatzm\u00f6glichkeit bez\u00fcglich Anpassung und Fertigung der Einlagen planen wir bereits jetzt einige Fachvortr\u00e4ge mit Versorgungen und Dokumentation \u00fcber das neuartige Einlagensystem im n\u00e4chsten Jahr. Bei einer \u00e4rztlichen Verordnung \u2013 Rezept \u00fcber ein Paar Einlagen nach Ma\u00df \u2013 ist nat\u00fcrlich der \u00fcbliche Zuschuss bzw. Festbetrag der Krankenkasse abzugsf\u00e4hig.<\/p>\n","protected":false},"excerpt":{"rendered":"<p>Sie sind einfach genial \u2013 gemeint sind die neuen perfekten Einlagen f\u00fcr jeden Schuh, welche in Sportschuhen bis zu Highheels &hellip; <\/p>\n","protected":false},"author":1,"featured_media":0,"parent":0,"menu_order":0,"comment_status":"closed","ping_status":"closed","template":"","meta":{"footnotes":""},"class_list":["post-221","page","type-page","status-publish","hentry"],"_links":{"self":[{"href":"https:\/\/schuhtechnik-schwarzer.de\/index.php?rest_route=\/wp\/v2\/pages\/221","targetHints":{"allow":["GET"]}}],"collection":[{"href":"https:\/\/schuhtechnik-schwarzer.de\/index.php?rest_route=\/wp\/v2\/pages"}],"about":[{"href":"https:\/\/schuhtechnik-schwarzer.de\/index.php?rest_route=\/wp\/v2\/types\/page"}],"author":[{"embeddable":true,"href":"https:\/\/schuhtechnik-schwarzer.de\/index.php?rest_route=\/wp\/v2\/users\/1"}],"replies":[{"embeddable":true,"href":"https:\/\/schuhtechnik-schwarzer.de\/index.php?rest_route=%2Fwp%2Fv2%2Fcomments&post=221"}],"version-history":[{"count":1,"href":"https:\/\/schuhtechnik-schwarzer.de\/index.php?rest_route=\/wp\/v2\/pages\/221\/revisions"}],"predecessor-version":[{"id":236,"href":"https:\/\/schuhtechnik-schwarzer.de\/index.php?rest_route=\/wp\/v2\/pages\/221\/revisions\/236"}],"wp:attachment":[{"href":"https:\/\/schuhtechnik-schwarzer.de\/index.php?rest_route=%2Fwp%2Fv2%2Fmedia&parent=221"}],"curies":[{"name":"wp","href":"https:\/\/api.w.org\/{rel}","templated":true}]}}