{"id":210,"date":"2021-03-19T09:54:59","date_gmt":"2021-03-19T08:54:59","guid":{"rendered":"https:\/\/schuhtechnik-schwarzer.de\/?page_id=210"},"modified":"2021-03-19T09:54:59","modified_gmt":"2021-03-19T08:54:59","slug":"digitaler-fussabdruck","status":"publish","type":"page","link":"https:\/\/schuhtechnik-schwarzer.de\/?page_id=210","title":{"rendered":"digitaler Fu\u00dfabdruck"},"content":{"rendered":"\n<div class=\"wp-block-image\"><figure class=\"aligncenter size-large\"><img loading=\"lazy\" decoding=\"async\" width=\"540\" height=\"406\" src=\"https:\/\/schuhtechnik-schwarzer.de\/wp-content\/uploads\/2021\/03\/ashampoo_snap_2013_002-1.jpg\" alt=\"\" class=\"wp-image-211\" srcset=\"https:\/\/schuhtechnik-schwarzer.de\/wp-content\/uploads\/2021\/03\/ashampoo_snap_2013_002-1.jpg 540w, https:\/\/schuhtechnik-schwarzer.de\/wp-content\/uploads\/2021\/03\/ashampoo_snap_2013_002-1-300x226.jpg 300w\" sizes=\"auto, (max-width: 540px) 100vw, 540px\" \/><\/figure><\/div>\n\n\n\n<p class=\"has-text-align-center\">Einer der ersten Schritte einer individuellen Einlagenfertigung <br>nach Ma\u00df ist die exakte Vermessung Ihres Fu\u00dfes. <br>Dazu nutzen wir modernste Scanner-Technologien in Verbindung <br>mit ausgereifter Druckbestimmung und Bildverarbeitungssoftware.<\/p>\n\n\n\n<div class=\"wp-block-image\"><figure class=\"aligncenter size-large\"><img loading=\"lazy\" decoding=\"async\" width=\"540\" height=\"403\" src=\"https:\/\/schuhtechnik-schwarzer.de\/wp-content\/uploads\/2021\/03\/ashampoo_snap_2013-1.jpg\" alt=\"\" class=\"wp-image-212\" srcset=\"https:\/\/schuhtechnik-schwarzer.de\/wp-content\/uploads\/2021\/03\/ashampoo_snap_2013-1.jpg 540w, https:\/\/schuhtechnik-schwarzer.de\/wp-content\/uploads\/2021\/03\/ashampoo_snap_2013-1-300x224.jpg 300w\" sizes=\"auto, (max-width: 540px) 100vw, 540px\" \/><\/figure><\/div>\n\n\n\n<div class=\"wp-block-image\"><figure class=\"aligncenter size-large\"><img loading=\"lazy\" decoding=\"async\" width=\"540\" height=\"402\" src=\"https:\/\/schuhtechnik-schwarzer.de\/wp-content\/uploads\/2021\/03\/ashampoo_snap_2013_003.jpg\" alt=\"\" class=\"wp-image-213\" srcset=\"https:\/\/schuhtechnik-schwarzer.de\/wp-content\/uploads\/2021\/03\/ashampoo_snap_2013_003.jpg 540w, https:\/\/schuhtechnik-schwarzer.de\/wp-content\/uploads\/2021\/03\/ashampoo_snap_2013_003-300x223.jpg 300w\" sizes=\"auto, (max-width: 540px) 100vw, 540px\" \/><\/figure><\/div>\n\n\n\n<figure class=\"wp-block-gallery columns-3 is-cropped wp-block-gallery-2 is-layout-flex wp-block-gallery-is-layout-flex\"><ul class=\"blocks-gallery-grid\"><li class=\"blocks-gallery-item\"><figure><img loading=\"lazy\" decoding=\"async\" width=\"174\" height=\"129\" src=\"https:\/\/schuhtechnik-schwarzer.de\/wp-content\/uploads\/2021\/03\/fussvermessung_1_lbs.jpg\" alt=\"\" data-id=\"214\" data-full-url=\"https:\/\/schuhtechnik-schwarzer.de\/wp-content\/uploads\/2021\/03\/fussvermessung_1_lbs.jpg\" data-link=\"https:\/\/schuhtechnik-schwarzer.de\/?attachment_id=214\" class=\"wp-image-214\"\/><\/figure><\/li><li class=\"blocks-gallery-item\"><figure><img loading=\"lazy\" decoding=\"async\" width=\"174\" height=\"134\" src=\"https:\/\/schuhtechnik-schwarzer.de\/wp-content\/uploads\/2021\/03\/fussvermessung_5_lbs.jpg\" alt=\"\" data-id=\"215\" data-full-url=\"https:\/\/schuhtechnik-schwarzer.de\/wp-content\/uploads\/2021\/03\/fussvermessung_5_lbs.jpg\" data-link=\"https:\/\/schuhtechnik-schwarzer.de\/?attachment_id=215\" class=\"wp-image-215\"\/><\/figure><\/li><li class=\"blocks-gallery-item\"><figure><img loading=\"lazy\" decoding=\"async\" width=\"174\" height=\"102\" src=\"https:\/\/schuhtechnik-schwarzer.de\/wp-content\/uploads\/2021\/03\/fussvermessung_7_lbs.jpg\" alt=\"\" data-id=\"216\" data-full-url=\"https:\/\/schuhtechnik-schwarzer.de\/wp-content\/uploads\/2021\/03\/fussvermessung_7_lbs.jpg\" data-link=\"https:\/\/schuhtechnik-schwarzer.de\/?attachment_id=216\" class=\"wp-image-216\"\/><\/figure><\/li><\/ul><\/figure>\n\n\n\n<p class=\"has-text-align-center\">Durch regelm\u00e4\u00dfige Kontrollen, lassen sich selbst kleinste Hautver\u00e4nderungen und Druckverteilung an der Fu\u00dfsohle bestimmen und ein entsprechender Behandlungsplan erstellen.<\/p>\n","protected":false},"excerpt":{"rendered":"<p>Einer der ersten Schritte einer individuellen Einlagenfertigung nach Ma\u00df ist die exakte Vermessung Ihres Fu\u00dfes. Dazu nutzen wir modernste Scanner-Technologien &hellip; <\/p>\n","protected":false},"author":1,"featured_media":0,"parent":0,"menu_order":0,"comment_status":"closed","ping_status":"closed","template":"","meta":{"footnotes":""},"class_list":["post-210","page","type-page","status-publish","hentry"],"_links":{"self":[{"href":"https:\/\/schuhtechnik-schwarzer.de\/index.php?rest_route=\/wp\/v2\/pages\/210","targetHints":{"allow":["GET"]}}],"collection":[{"href":"https:\/\/schuhtechnik-schwarzer.de\/index.php?rest_route=\/wp\/v2\/pages"}],"about":[{"href":"https:\/\/schuhtechnik-schwarzer.de\/index.php?rest_route=\/wp\/v2\/types\/page"}],"author":[{"embeddable":true,"href":"https:\/\/schuhtechnik-schwarzer.de\/index.php?rest_route=\/wp\/v2\/users\/1"}],"replies":[{"embeddable":true,"href":"https:\/\/schuhtechnik-schwarzer.de\/index.php?rest_route=%2Fwp%2Fv2%2Fcomments&post=210"}],"version-history":[{"count":1,"href":"https:\/\/schuhtechnik-schwarzer.de\/index.php?rest_route=\/wp\/v2\/pages\/210\/revisions"}],"predecessor-version":[{"id":217,"href":"https:\/\/schuhtechnik-schwarzer.de\/index.php?rest_route=\/wp\/v2\/pages\/210\/revisions\/217"}],"wp:attachment":[{"href":"https:\/\/schuhtechnik-schwarzer.de\/index.php?rest_route=%2Fwp%2Fv2%2Fmedia&parent=210"}],"curies":[{"name":"wp","href":"https:\/\/api.w.org\/{rel}","templated":true}]}}