{"id":169,"date":"2021-03-16T14:54:22","date_gmt":"2021-03-16T13:54:22","guid":{"rendered":"https:\/\/schuhtechnik-schwarzer.de\/?page_id=169"},"modified":"2021-03-16T14:54:22","modified_gmt":"2021-03-16T13:54:22","slug":"impressum","status":"publish","type":"page","link":"https:\/\/schuhtechnik-schwarzer.de\/?page_id=169","title":{"rendered":"Impressum"},"content":{"rendered":"\n<p><strong>Schuhtechnik Martin Schwarzer<br><\/strong>T\u00f6rringsta\u00dfe 17<br>84359 Simbach am Inn<br><br><strong>Tel:<\/strong>&nbsp;(08571) 2574<br><strong>Fax:&nbsp;<\/strong>(08571) 972930<br><strong>E-Mail:<\/strong>&nbsp;<a href=\"mailto:info@schuhtechnik-schwarzer.de\" target=\"_blank\" rel=\"noreferrer noopener\">info@schuhtechnik-schwarzer.de<\/a>&nbsp;<br><br>Ust.-Id: DE166162200<\/p>\n\n\n\n<p><strong>Inhaber<\/strong><br>Martin Schwarzer&nbsp;<\/p>\n\n\n\n<p><strong>Haftungsausschluss<\/strong><br>Trotz sorgf\u00e4ltiger Pr\u00fcfung k\u00f6nnen wir keine Haftung f\u00fcr die Inhalte externer Links \u00fcbernehmen. F\u00fcr den Inhalt diese Seiten sind ausschlie\u00dflich deren Betreiber verantwortlich.<\/p>\n","protected":false},"excerpt":{"rendered":"<p>Schuhtechnik Martin SchwarzerT\u00f6rringsta\u00dfe 1784359 Simbach am Inn Tel:&nbsp;(08571) 2574Fax:&nbsp;(08571) 972930E-Mail:&nbsp;info@schuhtechnik-schwarzer.de&nbsp; Ust.-Id: DE166162200 InhaberMartin Schwarzer&nbsp; HaftungsausschlussTrotz sorgf\u00e4ltiger Pr\u00fcfung k\u00f6nnen wir keine &hellip; <\/p>\n","protected":false},"author":1,"featured_media":0,"parent":0,"menu_order":0,"comment_status":"closed","ping_status":"closed","template":"","meta":{"footnotes":""},"class_list":["post-169","page","type-page","status-publish","hentry"],"_links":{"self":[{"href":"https:\/\/schuhtechnik-schwarzer.de\/index.php?rest_route=\/wp\/v2\/pages\/169","targetHints":{"allow":["GET"]}}],"collection":[{"href":"https:\/\/schuhtechnik-schwarzer.de\/index.php?rest_route=\/wp\/v2\/pages"}],"about":[{"href":"https:\/\/schuhtechnik-schwarzer.de\/index.php?rest_route=\/wp\/v2\/types\/page"}],"author":[{"embeddable":true,"href":"https:\/\/schuhtechnik-schwarzer.de\/index.php?rest_route=\/wp\/v2\/users\/1"}],"replies":[{"embeddable":true,"href":"https:\/\/schuhtechnik-schwarzer.de\/index.php?rest_route=%2Fwp%2Fv2%2Fcomments&post=169"}],"version-history":[{"count":1,"href":"https:\/\/schuhtechnik-schwarzer.de\/index.php?rest_route=\/wp\/v2\/pages\/169\/revisions"}],"predecessor-version":[{"id":170,"href":"https:\/\/schuhtechnik-schwarzer.de\/index.php?rest_route=\/wp\/v2\/pages\/169\/revisions\/170"}],"wp:attachment":[{"href":"https:\/\/schuhtechnik-schwarzer.de\/index.php?rest_route=%2Fwp%2Fv2%2Fmedia&parent=169"}],"curies":[{"name":"wp","href":"https:\/\/api.w.org\/{rel}","templated":true}]}}