{"id":161,"date":"2021-03-16T14:40:33","date_gmt":"2021-03-16T13:40:33","guid":{"rendered":"https:\/\/schuhtechnik-schwarzer.de\/?page_id=161"},"modified":"2021-03-16T14:48:05","modified_gmt":"2021-03-16T13:48:05","slug":"ganganalyse","status":"publish","type":"page","link":"https:\/\/schuhtechnik-schwarzer.de\/?page_id=161","title":{"rendered":"Ganganalyse"},"content":{"rendered":"\n<p>Die videobasierte Ganganalyse bietet eine perfekte Basis, um mit dem Patienten zusammen das Gangbild zu analysieren und zu erkl\u00e4ren. Durch eine videobasierte Ganganalye zu Beginn einer Versorgung und in regelm\u00e4\u00dfigen Abst\u00e4nden k\u00f6nnen wir dem Patienten den individuellen Erfolg der Versorgung zeigen und dokumentieren.<\/p>\n\n\n\n<figure class=\"wp-block-gallery columns-2 is-cropped wp-block-gallery-2 is-layout-flex wp-block-gallery-is-layout-flex\"><ul class=\"blocks-gallery-grid\"><li class=\"blocks-gallery-item\"><figure><img loading=\"lazy\" decoding=\"async\" width=\"214\" height=\"215\" src=\"http:\/\/schuhtechnik-schwarzer.de\/wp-content\/uploads\/2021\/03\/sml558862a26b12e06d72-1.jpg\" alt=\"\" data-id=\"98\" data-full-url=\"http:\/\/schuhtechnik-schwarzer.de\/wp-content\/uploads\/2021\/03\/sml558862a26b12e06d72-1.jpg\" data-link=\"https:\/\/schuhtechnik-schwarzer.de\/?attachment_id=98\" class=\"wp-image-98\" srcset=\"https:\/\/schuhtechnik-schwarzer.de\/wp-content\/uploads\/2021\/03\/sml558862a26b12e06d72-1.jpg 214w, https:\/\/schuhtechnik-schwarzer.de\/wp-content\/uploads\/2021\/03\/sml558862a26b12e06d72-1-150x150.jpg 150w\" sizes=\"auto, (max-width: 214px) 100vw, 214px\" \/><\/figure><\/li><li class=\"blocks-gallery-item\"><figure><img loading=\"lazy\" decoding=\"async\" width=\"214\" height=\"214\" src=\"http:\/\/schuhtechnik-schwarzer.de\/wp-content\/uploads\/2021\/03\/sml558862a26b12e06d71-1.jpg\" alt=\"\" data-id=\"97\" data-full-url=\"http:\/\/schuhtechnik-schwarzer.de\/wp-content\/uploads\/2021\/03\/sml558862a26b12e06d71-1.jpg\" data-link=\"https:\/\/schuhtechnik-schwarzer.de\/?attachment_id=97\" class=\"wp-image-97\" srcset=\"https:\/\/schuhtechnik-schwarzer.de\/wp-content\/uploads\/2021\/03\/sml558862a26b12e06d71-1.jpg 214w, https:\/\/schuhtechnik-schwarzer.de\/wp-content\/uploads\/2021\/03\/sml558862a26b12e06d71-1-150x150.jpg 150w\" sizes=\"auto, (max-width: 214px) 100vw, 214px\" \/><\/figure><\/li><li class=\"blocks-gallery-item\"><figure><img loading=\"lazy\" decoding=\"async\" width=\"214\" height=\"215\" src=\"http:\/\/schuhtechnik-schwarzer.de\/wp-content\/uploads\/2021\/03\/sml558862a26b12e06d72.jpg\" alt=\"\" data-id=\"96\" data-full-url=\"http:\/\/schuhtechnik-schwarzer.de\/wp-content\/uploads\/2021\/03\/sml558862a26b12e06d72.jpg\" data-link=\"https:\/\/schuhtechnik-schwarzer.de\/?attachment_id=96\" class=\"wp-image-96\" srcset=\"https:\/\/schuhtechnik-schwarzer.de\/wp-content\/uploads\/2021\/03\/sml558862a26b12e06d72.jpg 214w, https:\/\/schuhtechnik-schwarzer.de\/wp-content\/uploads\/2021\/03\/sml558862a26b12e06d72-150x150.jpg 150w\" sizes=\"auto, (max-width: 214px) 100vw, 214px\" \/><\/figure><\/li><li class=\"blocks-gallery-item\"><figure><img loading=\"lazy\" decoding=\"async\" width=\"323\" height=\"142\" src=\"http:\/\/schuhtechnik-schwarzer.de\/wp-content\/uploads\/2021\/03\/sml558862a26b12e06d73.jpg\" alt=\"\" data-id=\"99\" data-full-url=\"http:\/\/schuhtechnik-schwarzer.de\/wp-content\/uploads\/2021\/03\/sml558862a26b12e06d73.jpg\" data-link=\"https:\/\/schuhtechnik-schwarzer.de\/?attachment_id=99\" class=\"wp-image-99\" srcset=\"https:\/\/schuhtechnik-schwarzer.de\/wp-content\/uploads\/2021\/03\/sml558862a26b12e06d73.jpg 323w, https:\/\/schuhtechnik-schwarzer.de\/wp-content\/uploads\/2021\/03\/sml558862a26b12e06d73-300x132.jpg 300w\" sizes=\"auto, (max-width: 323px) 100vw, 323px\" \/><\/figure><\/li><li class=\"blocks-gallery-item\"><figure><img loading=\"lazy\" decoding=\"async\" width=\"323\" height=\"143\" src=\"http:\/\/schuhtechnik-schwarzer.de\/wp-content\/uploads\/2021\/03\/sml558862a26b12e06d74.jpg\" alt=\"\" data-id=\"100\" data-full-url=\"http:\/\/schuhtechnik-schwarzer.de\/wp-content\/uploads\/2021\/03\/sml558862a26b12e06d74.jpg\" data-link=\"https:\/\/schuhtechnik-schwarzer.de\/?attachment_id=100\" class=\"wp-image-100\" srcset=\"https:\/\/schuhtechnik-schwarzer.de\/wp-content\/uploads\/2021\/03\/sml558862a26b12e06d74.jpg 323w, https:\/\/schuhtechnik-schwarzer.de\/wp-content\/uploads\/2021\/03\/sml558862a26b12e06d74-300x133.jpg 300w\" sizes=\"auto, (max-width: 323px) 100vw, 323px\" \/><\/figure><\/li><li class=\"blocks-gallery-item\"><figure><img loading=\"lazy\" decoding=\"async\" width=\"323\" height=\"143\" src=\"http:\/\/schuhtechnik-schwarzer.de\/wp-content\/uploads\/2021\/03\/sml558862a26b12e06d75.jpg\" alt=\"\" data-id=\"101\" data-full-url=\"http:\/\/schuhtechnik-schwarzer.de\/wp-content\/uploads\/2021\/03\/sml558862a26b12e06d75.jpg\" data-link=\"https:\/\/schuhtechnik-schwarzer.de\/?attachment_id=101\" class=\"wp-image-101\" srcset=\"https:\/\/schuhtechnik-schwarzer.de\/wp-content\/uploads\/2021\/03\/sml558862a26b12e06d75.jpg 323w, https:\/\/schuhtechnik-schwarzer.de\/wp-content\/uploads\/2021\/03\/sml558862a26b12e06d75-300x133.jpg 300w\" sizes=\"auto, (max-width: 323px) 100vw, 323px\" \/><\/figure><\/li><\/ul><\/figure>\n\n\n\n<p><\/p>\n","protected":false},"excerpt":{"rendered":"<p>Die videobasierte Ganganalyse bietet eine perfekte Basis, um mit dem Patienten zusammen das Gangbild zu analysieren und zu erkl\u00e4ren. Durch &hellip; <\/p>\n","protected":false},"author":1,"featured_media":0,"parent":0,"menu_order":0,"comment_status":"closed","ping_status":"closed","template":"template\/template-page-full-width.php","meta":{"footnotes":""},"class_list":["post-161","page","type-page","status-publish","hentry"],"_links":{"self":[{"href":"https:\/\/schuhtechnik-schwarzer.de\/index.php?rest_route=\/wp\/v2\/pages\/161","targetHints":{"allow":["GET"]}}],"collection":[{"href":"https:\/\/schuhtechnik-schwarzer.de\/index.php?rest_route=\/wp\/v2\/pages"}],"about":[{"href":"https:\/\/schuhtechnik-schwarzer.de\/index.php?rest_route=\/wp\/v2\/types\/page"}],"author":[{"embeddable":true,"href":"https:\/\/schuhtechnik-schwarzer.de\/index.php?rest_route=\/wp\/v2\/users\/1"}],"replies":[{"embeddable":true,"href":"https:\/\/schuhtechnik-schwarzer.de\/index.php?rest_route=%2Fwp%2Fv2%2Fcomments&post=161"}],"version-history":[{"count":3,"href":"https:\/\/schuhtechnik-schwarzer.de\/index.php?rest_route=\/wp\/v2\/pages\/161\/revisions"}],"predecessor-version":[{"id":187,"href":"https:\/\/schuhtechnik-schwarzer.de\/index.php?rest_route=\/wp\/v2\/pages\/161\/revisions\/187"}],"wp:attachment":[{"href":"https:\/\/schuhtechnik-schwarzer.de\/index.php?rest_route=%2Fwp%2Fv2%2Fmedia&parent=161"}],"curies":[{"name":"wp","href":"https:\/\/api.w.org\/{rel}","templated":true}]}}