{"id":103,"date":"2021-03-16T12:00:31","date_gmt":"2021-03-16T11:00:31","guid":{"rendered":"https:\/\/schuhtechnik-schwarzer.de\/?page_id=103"},"modified":"2021-03-24T05:13:17","modified_gmt":"2021-03-24T04:13:17","slug":"leistungen","status":"publish","type":"page","link":"https:\/\/schuhtechnik-schwarzer.de\/?page_id=103","title":{"rendered":"Leistungen"},"content":{"rendered":"\n<p>Mit meiner 38-j\u00e4hrigen Berufserfahrung kann ich Ihnen eine Vielzahl an Leistungen in Perfektion anbieten. Dabei gilt f\u00fcr mich immer das Moto &#8222;Kleinigkeiten sind es, die Perfektion ausmachen, aber Perfektion ist alles andere als eine Kleinigkeit&#8220;<br><br>Schauen Sie auch auf die Seite\u00a0<a href=\"https:\/\/schuhtechnik-schwarzer.de\/?page_id=342\">Versorgungsverlauf<\/a>.<\/p>\n\n\n\n<figure class=\"wp-block-gallery columns-5 wp-block-gallery-2 is-layout-flex wp-block-gallery-is-layout-flex\"><ul class=\"blocks-gallery-grid\"><li class=\"blocks-gallery-item\"><figure><img loading=\"lazy\" decoding=\"async\" width=\"300\" height=\"225\" src=\"https:\/\/schuhtechnik-schwarzer.de\/wp-content\/uploads\/2021\/03\/car3d558862a26b0e19c361-300x225.jpg\" alt=\"\" data-id=\"198\" data-full-url=\"https:\/\/schuhtechnik-schwarzer.de\/wp-content\/uploads\/2021\/03\/car3d558862a26b0e19c361.jpg\" data-link=\"https:\/\/schuhtechnik-schwarzer.de\/?attachment_id=198\" class=\"wp-image-198\" srcset=\"https:\/\/schuhtechnik-schwarzer.de\/wp-content\/uploads\/2021\/03\/car3d558862a26b0e19c361-300x225.jpg 300w, https:\/\/schuhtechnik-schwarzer.de\/wp-content\/uploads\/2021\/03\/car3d558862a26b0e19c361.jpg 360w\" sizes=\"auto, (max-width: 300px) 100vw, 300px\" \/><\/figure><\/li><li class=\"blocks-gallery-item\"><figure><img loading=\"lazy\" decoding=\"async\" width=\"225\" height=\"300\" src=\"https:\/\/schuhtechnik-schwarzer.de\/wp-content\/uploads\/2021\/03\/car3d558862a26b0e19c362-225x300.jpg\" alt=\"\" data-id=\"199\" data-full-url=\"https:\/\/schuhtechnik-schwarzer.de\/wp-content\/uploads\/2021\/03\/car3d558862a26b0e19c362.jpg\" data-link=\"https:\/\/schuhtechnik-schwarzer.de\/?attachment_id=199\" class=\"wp-image-199\" srcset=\"https:\/\/schuhtechnik-schwarzer.de\/wp-content\/uploads\/2021\/03\/car3d558862a26b0e19c362-225x300.jpg 225w, https:\/\/schuhtechnik-schwarzer.de\/wp-content\/uploads\/2021\/03\/car3d558862a26b0e19c362.jpg 270w\" sizes=\"auto, (max-width: 225px) 100vw, 225px\" \/><\/figure><\/li><li class=\"blocks-gallery-item\"><figure><img loading=\"lazy\" decoding=\"async\" width=\"300\" height=\"225\" src=\"https:\/\/schuhtechnik-schwarzer.de\/wp-content\/uploads\/2021\/03\/car3d558862a26b0e19c363-300x225.jpg\" alt=\"\" data-id=\"200\" data-full-url=\"https:\/\/schuhtechnik-schwarzer.de\/wp-content\/uploads\/2021\/03\/car3d558862a26b0e19c363.jpg\" data-link=\"https:\/\/schuhtechnik-schwarzer.de\/?attachment_id=200\" class=\"wp-image-200\" srcset=\"https:\/\/schuhtechnik-schwarzer.de\/wp-content\/uploads\/2021\/03\/car3d558862a26b0e19c363-300x225.jpg 300w, https:\/\/schuhtechnik-schwarzer.de\/wp-content\/uploads\/2021\/03\/car3d558862a26b0e19c363.jpg 360w\" sizes=\"auto, (max-width: 300px) 100vw, 300px\" \/><\/figure><\/li><li class=\"blocks-gallery-item\"><figure><img loading=\"lazy\" decoding=\"async\" width=\"300\" height=\"218\" src=\"https:\/\/schuhtechnik-schwarzer.de\/wp-content\/uploads\/2021\/03\/car3d558862a26b0e19c364-300x218.jpg\" alt=\"\" data-id=\"201\" data-full-url=\"https:\/\/schuhtechnik-schwarzer.de\/wp-content\/uploads\/2021\/03\/car3d558862a26b0e19c364.jpg\" data-link=\"https:\/\/schuhtechnik-schwarzer.de\/?attachment_id=201\" class=\"wp-image-201\" srcset=\"https:\/\/schuhtechnik-schwarzer.de\/wp-content\/uploads\/2021\/03\/car3d558862a26b0e19c364-300x218.jpg 300w, https:\/\/schuhtechnik-schwarzer.de\/wp-content\/uploads\/2021\/03\/car3d558862a26b0e19c364.jpg 360w\" sizes=\"auto, (max-width: 300px) 100vw, 300px\" \/><\/figure><\/li><li class=\"blocks-gallery-item\"><figure><img loading=\"lazy\" decoding=\"async\" width=\"300\" height=\"208\" src=\"https:\/\/schuhtechnik-schwarzer.de\/wp-content\/uploads\/2021\/03\/car3d558862a26b0e19c365-300x208.jpg\" alt=\"\" data-id=\"202\" data-full-url=\"https:\/\/schuhtechnik-schwarzer.de\/wp-content\/uploads\/2021\/03\/car3d558862a26b0e19c365.jpg\" data-link=\"https:\/\/schuhtechnik-schwarzer.de\/?attachment_id=202\" class=\"wp-image-202\" srcset=\"https:\/\/schuhtechnik-schwarzer.de\/wp-content\/uploads\/2021\/03\/car3d558862a26b0e19c365-300x208.jpg 300w, https:\/\/schuhtechnik-schwarzer.de\/wp-content\/uploads\/2021\/03\/car3d558862a26b0e19c365.jpg 360w\" sizes=\"auto, (max-width: 300px) 100vw, 300px\" \/><\/figure><\/li><li class=\"blocks-gallery-item\"><figure><img loading=\"lazy\" decoding=\"async\" width=\"300\" height=\"209\" src=\"https:\/\/schuhtechnik-schwarzer.de\/wp-content\/uploads\/2021\/03\/car3d558862a26b0e19c366-300x209.jpg\" alt=\"\" data-id=\"203\" data-full-url=\"https:\/\/schuhtechnik-schwarzer.de\/wp-content\/uploads\/2021\/03\/car3d558862a26b0e19c366.jpg\" data-link=\"https:\/\/schuhtechnik-schwarzer.de\/?attachment_id=203\" class=\"wp-image-203\" srcset=\"https:\/\/schuhtechnik-schwarzer.de\/wp-content\/uploads\/2021\/03\/car3d558862a26b0e19c366-300x209.jpg 300w, https:\/\/schuhtechnik-schwarzer.de\/wp-content\/uploads\/2021\/03\/car3d558862a26b0e19c366.jpg 360w\" sizes=\"auto, (max-width: 300px) 100vw, 300px\" \/><\/figure><\/li><li class=\"blocks-gallery-item\"><figure><img loading=\"lazy\" decoding=\"async\" width=\"216\" height=\"300\" src=\"https:\/\/schuhtechnik-schwarzer.de\/wp-content\/uploads\/2021\/03\/car3d558862a26b0e19c367-216x300.jpg\" alt=\"\" data-id=\"204\" data-full-url=\"https:\/\/schuhtechnik-schwarzer.de\/wp-content\/uploads\/2021\/03\/car3d558862a26b0e19c367.jpg\" data-link=\"https:\/\/schuhtechnik-schwarzer.de\/?attachment_id=204\" class=\"wp-image-204\" srcset=\"https:\/\/schuhtechnik-schwarzer.de\/wp-content\/uploads\/2021\/03\/car3d558862a26b0e19c367-216x300.jpg 216w, https:\/\/schuhtechnik-schwarzer.de\/wp-content\/uploads\/2021\/03\/car3d558862a26b0e19c367.jpg 259w\" sizes=\"auto, (max-width: 216px) 100vw, 216px\" \/><\/figure><\/li><li class=\"blocks-gallery-item\"><figure><img loading=\"lazy\" decoding=\"async\" width=\"203\" height=\"300\" src=\"https:\/\/schuhtechnik-schwarzer.de\/wp-content\/uploads\/2021\/03\/car3d558862a26b0e19c368-203x300.jpg\" alt=\"\" data-id=\"205\" data-full-url=\"https:\/\/schuhtechnik-schwarzer.de\/wp-content\/uploads\/2021\/03\/car3d558862a26b0e19c368.jpg\" data-link=\"https:\/\/schuhtechnik-schwarzer.de\/?attachment_id=205\" class=\"wp-image-205\" srcset=\"https:\/\/schuhtechnik-schwarzer.de\/wp-content\/uploads\/2021\/03\/car3d558862a26b0e19c368-203x300.jpg 203w, https:\/\/schuhtechnik-schwarzer.de\/wp-content\/uploads\/2021\/03\/car3d558862a26b0e19c368.jpg 244w\" sizes=\"auto, (max-width: 203px) 100vw, 203px\" \/><\/figure><\/li><li class=\"blocks-gallery-item\"><figure><img loading=\"lazy\" decoding=\"async\" width=\"300\" height=\"193\" src=\"https:\/\/schuhtechnik-schwarzer.de\/wp-content\/uploads\/2021\/03\/car3d558862a26b0e19c369-300x193.jpg\" alt=\"\" data-id=\"206\" data-full-url=\"https:\/\/schuhtechnik-schwarzer.de\/wp-content\/uploads\/2021\/03\/car3d558862a26b0e19c369.jpg\" data-link=\"https:\/\/schuhtechnik-schwarzer.de\/?attachment_id=206\" class=\"wp-image-206\" srcset=\"https:\/\/schuhtechnik-schwarzer.de\/wp-content\/uploads\/2021\/03\/car3d558862a26b0e19c369-300x193.jpg 300w, https:\/\/schuhtechnik-schwarzer.de\/wp-content\/uploads\/2021\/03\/car3d558862a26b0e19c369.jpg 360w\" sizes=\"auto, (max-width: 300px) 100vw, 300px\" \/><\/figure><\/li><li class=\"blocks-gallery-item\"><figure><img loading=\"lazy\" decoding=\"async\" width=\"360\" height=\"287\" src=\"https:\/\/schuhtechnik-schwarzer.de\/wp-content\/uploads\/2021\/03\/car3d558862a26b0e19c3610.jpg\" alt=\"\" data-id=\"207\" data-full-url=\"https:\/\/schuhtechnik-schwarzer.de\/wp-content\/uploads\/2021\/03\/car3d558862a26b0e19c3610.jpg\" data-link=\"https:\/\/schuhtechnik-schwarzer.de\/?attachment_id=207\" class=\"wp-image-207\" srcset=\"https:\/\/schuhtechnik-schwarzer.de\/wp-content\/uploads\/2021\/03\/car3d558862a26b0e19c3610.jpg 360w, https:\/\/schuhtechnik-schwarzer.de\/wp-content\/uploads\/2021\/03\/car3d558862a26b0e19c3610-300x239.jpg 300w\" sizes=\"auto, (max-width: 360px) 100vw, 360px\" \/><\/figure><\/li><\/ul><\/figure>\n\n\n\n<p><br>&#8211; orthop\u00e4dische Schuhzurichtungen aller Art<br>&#8211; orthop\u00e4dische Therapie-Schuhversorgung<br>&#8211; Bandagen und Orthesen-Versorgung<br>&#8211; individuell gefertigte Einlagen nach Ma\u00df<br>&#8211; Schuhe f\u00fcr Einlagen \/ Bequemschuhe<br>&#8211; moderne Schuhreparatur<br>&#8211; Sport- und Freizeitschuhe der Firma New Balance<br>&#8211; Haix Sicherheitsschuhe<br>&#8211; Fu\u00df-, Gang- und Haltungsanalysestudio<br>&#8211; 3D-K\u00f6rpervermessung<br>&#8211; Referent div. Fachvortr\u00e4ge<br>&#8211; und vieles mehr&#8230;<br><br>auf den Unterseiten m\u00f6chte ich Ihnen einige meiner Spezialisierungen im Detail zeigen\u2026<\/p>\n","protected":false},"excerpt":{"rendered":"<p>Mit meiner 38-j\u00e4hrigen Berufserfahrung kann ich Ihnen eine Vielzahl an Leistungen in Perfektion anbieten. Dabei gilt f\u00fcr mich immer das &hellip; <\/p>\n","protected":false},"author":1,"featured_media":0,"parent":0,"menu_order":0,"comment_status":"closed","ping_status":"closed","template":"","meta":{"footnotes":""},"class_list":["post-103","page","type-page","status-publish","hentry"],"_links":{"self":[{"href":"https:\/\/schuhtechnik-schwarzer.de\/index.php?rest_route=\/wp\/v2\/pages\/103","targetHints":{"allow":["GET"]}}],"collection":[{"href":"https:\/\/schuhtechnik-schwarzer.de\/index.php?rest_route=\/wp\/v2\/pages"}],"about":[{"href":"https:\/\/schuhtechnik-schwarzer.de\/index.php?rest_route=\/wp\/v2\/types\/page"}],"author":[{"embeddable":true,"href":"https:\/\/schuhtechnik-schwarzer.de\/index.php?rest_route=\/wp\/v2\/users\/1"}],"replies":[{"embeddable":true,"href":"https:\/\/schuhtechnik-schwarzer.de\/index.php?rest_route=%2Fwp%2Fv2%2Fcomments&post=103"}],"version-history":[{"count":5,"href":"https:\/\/schuhtechnik-schwarzer.de\/index.php?rest_route=\/wp\/v2\/pages\/103\/revisions"}],"predecessor-version":[{"id":402,"href":"https:\/\/schuhtechnik-schwarzer.de\/index.php?rest_route=\/wp\/v2\/pages\/103\/revisions\/402"}],"wp:attachment":[{"href":"https:\/\/schuhtechnik-schwarzer.de\/index.php?rest_route=%2Fwp%2Fv2%2Fmedia&parent=103"}],"curies":[{"name":"wp","href":"https:\/\/api.w.org\/{rel}","templated":true}]}}